{"id":912,"date":"2016-06-22T15:47:23","date_gmt":"2016-06-22T14:47:23","guid":{"rendered":"http:\/\/stoupa.dhagpo.org\/es\/?page_id=912"},"modified":"2016-10-05T21:35:59","modified_gmt":"2016-10-05T20:35:59","slug":"participar-old","status":"publish","type":"page","link":"https:\/\/stoupa.dhagpo.org\/es\/participar-old\/","title":{"rendered":"Participar &#8211; old"},"content":{"rendered":"<p>[et_pb_section admin_label=\u00bbSection\u00bb fullwidth=\u00bbon\u00bb specialty=\u00bboff\u00bb][et_pb_fullwidth_header admin_label=\u00bbEn-t\u00eate plein \u00e9cran\u00bb title=\u00bbParticipar\u00bb background_layout=\u00bbdark\u00bb text_orientation=\u00bbright\u00bb header_fullscreen=\u00bboff\u00bb header_scroll_down=\u00bboff\u00bb background_url=\u00bbhttps:\/\/stoupa.dhagpo.org\/wp-content\/uploads\/2016\/04\/bandeau_stoupa_dhagpo-1.jpg\u00bb parallax=\u00bboff\u00bb parallax_method=\u00bboff\u00bb content_orientation=\u00bbcenter\u00bb image_orientation=\u00bbcenter\u00bb custom_button_one=\u00bboff\u00bb button_one_letter_spacing=\u00bb0&#8243; button_one_use_icon=\u00bbdefault\u00bb button_one_icon_placement=\u00bbright\u00bb button_one_on_hover=\u00bbon\u00bb button_one_letter_spacing_hover=\u00bb0&#8243; custom_button_two=\u00bboff\u00bb button_two_letter_spacing=\u00bb0&#8243; button_two_use_icon=\u00bbdefault\u00bb button_two_icon_placement=\u00bbright\u00bb button_two_on_hover=\u00bbon\u00bb button_two_letter_spacing_hover=\u00bb0&#8243; custom_css_title=\u00bb text-shadow: 0 1px 3px rgba(0, 0, 0, 1) !important;||\u00bb subhead=\u00bbUna manera simple de tomar parte en el proyecto\u00bb custom_css_header_container=\u00bbheight:270px;\u00bb custom_css_subtitle=\u00bb text-shadow: 0 1px 3px rgba(0, 0, 0, 1) !important;\u00bb title_font_size=\u00bb40px\u00bb subhead_font_size=\u00bb26px\u00bb]<\/p>\n<p>[\/et_pb_fullwidth_header][\/et_pb_section][et_pb_section admin_label=\u00bbSection\u00bb fullwidth=\u00bboff\u00bb specialty=\u00bboff\u00bb][et_pb_row admin_label=\u00bbLigne\u00bb][et_pb_column type=\u00bb1_2&#8243;][et_pb_text admin_label=\u00bbLe projet\u00bb background_layout=\u00bblight\u00bb text_orientation=\u00bbleft\u00bb use_border_color=\u00bboff\u00bb border_color=\u00bb#ffffff\u00bb border_style=\u00bbsolid\u00bb]<\/p>\n<h2 class=\"titresdkl\">El proyecto<\/h2>\n<p>El coste del proyecto se est\u00e1 estimando (donde se incluir\u00e1 la estupa, las sustancias para su relleno y el paisajismo).<\/p>\n<p>La estupa se situar\u00e1 detr\u00e1s del Instituto y ser\u00e1 realizada en granito.<\/p>\n<p>La inauguraci\u00f3n est\u00e1 prevista para finales del 2016.<\/p>\n<p>[\/et_pb_text][\/et_pb_column][et_pb_column type=\u00bb1_2&#8243;][et_pb_text admin_label=\u00bbimg : Talla de la estupa y detalles de las zonas de relleno\u00bb background_layout=\u00bblight\u00bb text_orientation=\u00bbleft\u00bb use_border_color=\u00bboff\u00bb border_color=\u00bb#ffffff\u00bb border_style=\u00bbsolid\u00bb]<\/p>\n<div id=\"attachment_350\" style=\"width: 425px\" class=\"wp-caption aligncenter\"><img loading=\"lazy\" decoding=\"async\" aria-describedby=\"caption-attachment-350\" class=\"wp-image-350\" src=\"https:\/\/stoupa.dhagpo.org\/wp-content\/uploads\/2016\/04\/mesures-stoupa-remplissage.jpg\" alt=\"Talla de la estupa y detalles de las zonas de relleno\" width=\"415\" height=\"371\" srcset=\"https:\/\/stoupa.dhagpo.org\/wp-content\/uploads\/2016\/04\/mesures-stoupa-remplissage.jpg 550w, https:\/\/stoupa.dhagpo.org\/wp-content\/uploads\/2016\/04\/mesures-stoupa-remplissage-300x268.jpg 300w\" sizes=\"auto, (max-width: 415px) 100vw, 415px\" \/><p id=\"caption-attachment-350\" class=\"wp-caption-text\">Talla de la estupa y detalles de las zonas de relleno<\/p><\/div>\n<h2 class=\"titresdkl\"><\/h2>\n<p>[\/et_pb_text][\/et_pb_column][\/et_pb_row][\/et_pb_section][et_pb_section admin_label=\u00bbSection\u00bb fullwidth=\u00bboff\u00bb specialty=\u00bbon\u00bb transparent_background=\u00bboff\u00bb background_color=\u00bb#ffffff\u00bb allow_player_pause=\u00bboff\u00bb inner_shadow=\u00bboff\u00bb parallax=\u00bboff\u00bb parallax_method=\u00bboff\u00bb padding_mobile=\u00bboff\u00bb make_fullwidth=\u00bboff\u00bb use_custom_width=\u00bboff\u00bb width_unit=\u00bbon\u00bb make_equal=\u00bboff\u00bb use_custom_gutter=\u00bboff\u00bb parallax_1=\u00bboff\u00bb parallax_method_1=\u00bboff\u00bb padding_top_1=\u00bb0px\u00bb parallax_2=\u00bboff\u00bb parallax_method_2=\u00bboff\u00bb][et_pb_column type=\u00bb1_2&#8243;][et_pb_text admin_label=\u00bbvous souhaitez participer ?\u00bb background_layout=\u00bblight\u00bb text_orientation=\u00bbleft\u00bb use_border_color=\u00bboff\u00bb border_color=\u00bb#ffffff\u00bb border_style=\u00bbsolid\u00bb]<\/p>\n<h2 class=\"titresdkl\">\u00bfLe gustar\u00eda poder participar en su construcci\u00f3n?<\/h2>\n<p>Puede:<br \/>\n<strong>Hacer una donaci\u00f3n<\/strong> (deducible fiscalmente).<br \/>\nVer <em>Paypal<\/em> o bien contactar con:<br \/>\n<a href=\"mailto:relations.donateurs@dhagpo.org\">relations.donateurs@dhagpo.org<\/a><br \/>\n<strong>Puede dar<\/strong> sus joyas o piedras preciosas que servir\u00e1n de relleno al interior de la estupa.<br \/>\n<strong>Puede participar<\/strong> en la confecci\u00f3n de sustancias y objetos destinados a hacer de la estupa un soporte de pr\u00e1ctica aut\u00e9ntica.<br \/>\nPara cualquier pregunta que tenga que ver con los aspectos de rellenado, no dude en contactar con nosotros en\u00a0<a href=\"mailto:stupa@dhagpo.org\">stupa@dhagpo.org<\/a><\/p>\n<p>[\/et_pb_text][\/et_pb_column][et_pb_column type=\u00bb1_2&#8243; specialty_columns=\u00bb2&#8243;][et_pb_row_inner admin_label=\u00bbLigne\u00bb custom_padding=\u00bb8px|8px|8px|8px\u00bb padding_mobile=\u00bbon\u00bb use_custom_gutter=\u00bbon\u00bb column_padding_mobile=\u00bbon\u00bb make_equal=\u00bboff\u00bb parallax_1=\u00bboff\u00bb parallax_method_1=\u00bboff\u00bb background_color_1=\u00bb#f2f2f2&#8243; custom_margin=\u00bb7px|7px|7px|7px\u00bb padding_top_1=\u00bb10px\u00bb padding_right_1=\u00bb10px\u00bb padding_bottom_1=\u00bb10px\u00bb padding_left_1=\u00bb10px\u00bb][et_pb_column_inner type=\u00bb4_4&#8243; saved_specialty_column_type=\u00bb1_2&#8243;][et_pb_code admin_label=\u00bbCode &#8211; paypal btn\u00bb custom_css_main_element=\u00bbtext-align:center;||||padding-top:10px;\u00bb]&lt;form action=\u00bbhttps:\/\/www.paypal.com\/cgi-bin\/webscr\u00bb method=\u00bbpost\u00bb target=\u00bb_blank\u00bb&gt; &lt;input type=\u00bbhidden\u00bb name=\u00bbcmd\u00bb value=\u00bb_s-xclick\u00bb&gt; &lt;input type=\u00bbhidden\u00bb name=\u00bbhosted_button_id\u00bb value=\u00bbJ23J6YAZUC6YU\u00bb&gt; &lt;input type=\u00bbimage\u00bb src=\u00bbhttps:\/\/www.paypalobjects.com\/es_ES\/ES\/i\/btn\/btn_donateCC_LG.gif\u00bb border=\u00bb0&#8243; name=\u00bbsubmit\u00bb alt=\u00bbPayPal, la forma m\u00e1s segura y r\u00e1pida de pagar en l\u00ednea.\u00bb&gt; &lt;img alt=\u00bb\u00bb border=\u00bb0&#8243; src=\u00bbhttps:\/\/www.paypalobjects.com\/fr_FR\/i\/scr\/pixel.gif\u00bb width=\u00bb1&#8243; height=\u00bb1&#8243;&gt; &lt;\/form&gt;[\/et_pb_code][et_pb_text admin_label=\u00bbAutres modes de don\u00bb background_layout=\u00bblight\u00bb text_orientation=\u00bbleft\u00bb use_border_color=\u00bboff\u00bb border_color=\u00bb#ffffff\u00bb border_style=\u00bbsolid\u00bb]<\/p>\n<p style=\"text-align: left;\"><strong>Otras maneras de hacer una donaci\u00f3n;<\/strong><br \/>\n\u2022 Donaci\u00f3n regular con domiciliaci\u00f3n bancaria<br \/>\n\u2022 Donaci\u00f3n puntual: por transferencia o por cheque a la orden de KDC<\/p>\n<p style=\"text-align: left;\"><a href=\"https:\/\/stoupa.dhagpo.org\/wp-content\/uploads\/2016\/06\/bolletin_generosidad_nueva-estupa_es-web.pdf\" target=\"_blank\"><img loading=\"lazy\" decoding=\"async\" class=\"alignleft wp-image-511 size-full\" title=\"T\u00e9l\u00e9charger le bulletin en PDF\" src=\"https:\/\/stoupa.dhagpo.org\/wp-content\/uploads\/2016\/04\/pdf3.png\" alt=\"ic\u00f4ne PDF\" width=\"50\" height=\"64\" \/><\/a>Toda la informaci\u00f3n se encuentra en<a href=\"https:\/\/stoupa.dhagpo.org\/wp-content\/uploads\/2016\/06\/bolletin-generosidad-nueva-estupa-16-08.pdf\" target=\"_blank\"> el documento que puede descargarse aqu\u00ed.<\/a><\/p>\n<p>[\/et_pb_text][et_pb_text admin_label=\u00bbpaypal s\u00e9curis\u00e9\u00bb background_layout=\u00bblight\u00bb text_orientation=\u00bbleft\u00bb use_border_color=\u00bboff\u00bb border_color=\u00bb#ffffff\u00bb border_style=\u00bbsolid\u00bb text_line_height=\u00bb1.3em\u00bb text_font_size=\u00bb15&#8243;]<\/p>\n<p>Las donaciones en l\u00ednea son 100% seguras gracias al servicio Paypal, especialista en pagos seguros con tarjeta bancaria. Puede renovar esta operaci\u00f3n cuando lo desee.<\/p>\n<p>[\/et_pb_text][\/et_pb_column_inner][\/et_pb_row_inner][\/et_pb_column][\/et_pb_section][et_pb_section admin_label=\u00bbSection\u00bb fullwidth=\u00bboff\u00bb specialty=\u00bboff\u00bb transparent_background=\u00bboff\u00bb background_color=\u00bb#ffffff\u00bb allow_player_pause=\u00bboff\u00bb inner_shadow=\u00bboff\u00bb parallax=\u00bboff\u00bb parallax_method=\u00bboff\u00bb padding_mobile=\u00bboff\u00bb make_fullwidth=\u00bboff\u00bb use_custom_width=\u00bboff\u00bb width_unit=\u00bbon\u00bb make_equal=\u00bboff\u00bb use_custom_gutter=\u00bboff\u00bb][et_pb_row admin_label=\u00bbLigne\u00bb][et_pb_column type=\u00bb1_2&#8243;][et_pb_text admin_label=\u00bbConstruire un stoupa c&#8217;est :\u00bb background_layout=\u00bblight\u00bb text_orientation=\u00bbleft\u00bb use_border_color=\u00bboff\u00bb border_color=\u00bb#ffffff\u00bb border_style=\u00bbsolid\u00bb]<\/p>\n<h2 class=\"titresdkl\">Construir una estupa es:<\/h2>\n<p><strong>Edificar<\/strong> un soporte de pr\u00e1ctica que perdurar\u00e1 en el tiempo y ser\u00e1 utilizado por miles de personas.<\/p>\n<p><strong>Conectarse con<\/strong> la posibilidad del despertar a trav\u00e9s de la presencia de Kunzig Shamar Rimpoch\u00e9.<\/p>\n<p><strong>Participar<\/strong> a difundir la paz y la armon\u00eda, favoreciendo una mirada interior y un estado mental altruista.<\/p>\n<p><strong>Poner a disposici\u00f3n<\/strong> de todos un nuevo espacio agradable y resguardado para recogerse, cada uno a su manera.<\/p>\n<p>[\/et_pb_text][\/et_pb_column][et_pb_column type=\u00bb1_2&#8243;][et_pb_text admin_label=\u00bbimg Plano de corte con los cimientos\u00bb background_layout=\u00bblight\u00bb text_orientation=\u00bbleft\u00bb use_border_color=\u00bboff\u00bb border_color=\u00bb#ffffff\u00bb border_style=\u00bbsolid\u00bb]<\/p>\n<div id=\"attachment_358\" style=\"width: 425px\" class=\"wp-caption aligncenter\"><img loading=\"lazy\" decoding=\"async\" aria-describedby=\"caption-attachment-358\" class=\"wp-image-358\" src=\"https:\/\/stoupa.dhagpo.org\/wp-content\/uploads\/2016\/04\/mesures-stoupa-plan-coupe.jpg\" alt=\"Plano de corte con los cimientos\" width=\"415\" height=\"476\" srcset=\"https:\/\/stoupa.dhagpo.org\/wp-content\/uploads\/2016\/04\/mesures-stoupa-plan-coupe.jpg 590w, https:\/\/stoupa.dhagpo.org\/wp-content\/uploads\/2016\/04\/mesures-stoupa-plan-coupe-261x300.jpg 261w\" sizes=\"auto, (max-width: 415px) 100vw, 415px\" \/><p id=\"caption-attachment-358\" class=\"wp-caption-text\">Plano de corte con los cimientos<\/p><\/div>\n<p>[\/et_pb_text][\/et_pb_column][\/et_pb_row][\/et_pb_section]<\/p>\n","protected":false},"excerpt":{"rendered":"<p>El proyecto El coste del proyecto se est\u00e1 estimando (donde se incluir\u00e1 la estupa, las sustancias para su relleno y el paisajismo). La estupa se situar\u00e1 detr\u00e1s del Instituto y ser\u00e1 realizada en granito. La inauguraci\u00f3n est\u00e1 prevista para finales del 2016. \u00bfLe gustar\u00eda poder participar en su construcci\u00f3n? Puede: Hacer una donaci\u00f3n (deducible fiscalmente). [&hellip;]<\/p>\n","protected":false},"author":3,"featured_media":0,"parent":0,"menu_order":0,"comment_status":"closed","ping_status":"closed","template":"","meta":{"_et_pb_use_builder":"on","_et_pb_old_content":"[et_pb_section admin_label=\"Section\" fullwidth=\"on\" specialty=\"off\"][et_pb_fullwidth_header admin_label=\"En-t\u00eate plein \u00e9cran\" title=\"Participez !\" background_layout=\"dark\" text_orientation=\"right\" header_fullscreen=\"off\" header_scroll_down=\"off\" background_url=\"https:\/\/stoupa.dhagpo.org\/wp-content\/uploads\/2016\/04\/bandeau_stoupa_dhagpo-1.jpg\" parallax=\"off\" parallax_method=\"off\" content_orientation=\"center\" image_orientation=\"center\" custom_button_one=\"off\" button_one_letter_spacing=\"0\" button_one_use_icon=\"default\" button_one_icon_placement=\"right\" button_one_on_hover=\"on\" button_one_letter_spacing_hover=\"0\" custom_button_two=\"off\" button_two_letter_spacing=\"0\" button_two_use_icon=\"default\" button_two_icon_placement=\"right\" button_two_on_hover=\"on\" button_two_letter_spacing_hover=\"0\" custom_css_title=\" text-shadow: 0 1px 3px rgba(0, 0, 0, 1) !important;||\" subhead=\"Une fa\u00e7on simple de prendre part au projet\" custom_css_header_container=\"height:270px;\" custom_css_subtitle=\" text-shadow: 0 1px 3px rgba(0, 0, 0, 1) !important;\" title_font_size=\"40px\" subhead_font_size=\"26px\"] [\/et_pb_fullwidth_header][\/et_pb_section][et_pb_section admin_label=\"Section\" fullwidth=\"off\" specialty=\"off\"][et_pb_row admin_label=\"Ligne\"][et_pb_column type=\"1_2\"][et_pb_text admin_label=\"Le projet\" background_layout=\"light\" text_orientation=\"left\" use_border_color=\"off\" border_color=\"#ffffff\" border_style=\"solid\"]\r\n<h2 class=\"titresdkl\">Le projet<\/h2>\r\nLe co\u00fbt du projet est en cours d\u2019estimation (il inclura le stoupa, les substances pour son remplissage, les am\u00e9nagements paysagers).\r\n\r\nLe stoupa se situera derri\u00e8re l\u2019Institut et sera r\u00e9alis\u00e9 en pierre naturelle de granit.\r\n\r\nL\u2019inauguration est pr\u00e9vue fin 2016.\r\n\r\n[\/et_pb_text][\/et_pb_column][et_pb_column type=\"1_2\"][et_pb_text admin_label=\"img : Taille du stoupa et d\u00e9tail des zones de remplissage\" background_layout=\"light\" text_orientation=\"left\" use_border_color=\"off\" border_color=\"#ffffff\" border_style=\"solid\"]\r\n\r\n[caption id=\"attachment_350\" align=\"aligncenter\" width=\"415\"]<img class=\"wp-image-350\" src=\"https:\/\/stoupa.dhagpo.org\/wp-content\/uploads\/2016\/04\/mesures-stoupa-remplissage.jpg\" alt=\"Taille du stoupa et d\u00e9tail des zones de remplissage\" width=\"415\" height=\"371\" \/> Taille du stoupa et d\u00e9tail des zones de remplissage[\/caption]\r\n<h2 class=\"titresdkl\"><\/h2>\r\n[\/et_pb_text][\/et_pb_column][\/et_pb_row][\/et_pb_section][et_pb_section admin_label=\"Section\" fullwidth=\"off\" specialty=\"on\"][et_pb_column type=\"1_2\"][et_pb_text admin_label=\"vous souhaitez participer ?\" background_layout=\"light\" text_orientation=\"left\" use_border_color=\"off\" border_color=\"#ffffff\" border_style=\"solid\"]\r\n<h2 class=\"titresdkl\">Vous souhaitez participer ?<\/h2>\r\nVous pouvez :\r\n<strong>Faire un don<\/strong> (d\u00e9ductible fiscalement).\r\nVoir <em>Paypal<\/em> ci-apr\u00e8s\u00a0ou bien contactez :\r\n<a href=\"mailto:relations.donateurs@dhagpo.org\">relations.donateurs@dhagpo.org<\/a>\r\n<strong>Donner<\/strong> des bijoux ou des pierres pr\u00e9cieuses\u00a0qui enrichiront l\u2019int\u00e9rieur du stoupa.\r\n<strong>Participer<\/strong> \u00e0 la confection des substances et objets\u00a0destin\u00e9s \u00e0 faire du stoupa un support de pratique\u00a0authentique.\r\nPour toutes questions concernant les aspects\u00a0du remplissage, n\u2019h\u00e9sitez pas \u00e0 nous contacter \u00e0\u00a0<a href=\"mailto:stupa@dhagpo.org\">stupa@dhagpo.org<\/a>\r\n\r\n[\/et_pb_text][\/et_pb_column][et_pb_column type=\"1_2\" specialty_columns=\"2\"][et_pb_row_inner admin_label=\"Ligne\" custom_padding=\"8px|8px|8px|8px\" padding_mobile=\"on\" use_custom_gutter=\"on\" column_padding_mobile=\"on\" make_equal=\"off\" parallax_1=\"off\" parallax_method_1=\"off\" background_color_1=\"#f2f2f2\" custom_margin=\"7px|7px|7px|7px\" padding_top_1=\"10px\" padding_right_1=\"10px\" padding_bottom_1=\"10px\" padding_left_1=\"10px\"][et_pb_column_inner type=\"4_4\" saved_specialty_column_type=\"1_2\"][et_pb_code admin_label=\"Code - paypal btn\" custom_css_main_element=\"text-align:center;||||padding-top:10px;\"]<form action=\"https:\/\/www.paypal.com\/cgi-bin\/webscr\" method=\"post\" target=\"_blank\"> <input type=\"hidden\" name=\"cmd\" value=\"_s-xclick\"> <input type=\"hidden\" name=\"hosted_button_id\" value=\"AKX9RR8KTHSZ8\"> <input type=\"image\" src=\"https:\/\/www.paypalobjects.com\/fr_FR\/FR\/i\/btn\/btn_donateCC_LG.gif\" border=\"0\" name=\"submit\" alt=\"PayPal, le r\u00e9flexe s\u00e9curit\u00e9 pour payer en ligne\"> <img alt=\"\" border=\"0\" src=\"https:\/\/www.paypalobjects.com\/fr_FR\/i\/scr\/pixel.gif\" width=\"1\" height=\"1\"> <\/form>[\/et_pb_code][et_pb_text admin_label=\"Autres modes de don\" background_layout=\"light\" text_orientation=\"left\" use_border_color=\"off\" border_color=\"#ffffff\" border_style=\"solid\"]\r\n<p style=\"text-align: left;\"><strong>Autres modes de don :<\/strong>\r\n\u2022 Don r\u00e9gulier par virement\r\n\u2022 Don ponctuel : par virement ou\u00a0ch\u00e8que bancaire \u00e0 l\u2019ordre de KDC<\/p>\r\n<p style=\"text-align: left;\"><a href=\"https:\/\/stoupa.dhagpo.org\/wp-content\/uploads\/2016\/04\/bulletin_nouveau-stoupa_dhagpo_web.pdf\" target=\"_blank\"><img class=\"alignleft wp-image-511 size-full\" title=\"T\u00e9l\u00e9charger le bulletin en PDF\" src=\"https:\/\/stoupa.dhagpo.org\/wp-content\/uploads\/2016\/04\/pdf3.png\" alt=\"ic\u00f4ne PDF\" width=\"50\" height=\"64\" \/><\/a>Tous les renseignements se trouvent\r\nsur<a href=\"https:\/\/stoupa.dhagpo.org\/wp-content\/uploads\/2016\/04\/bulletin_nouveau-stoupa_dhagpo_web.pdf\" target=\"_blank\"> le bulletin \u00e0 t\u00e9l\u00e9charger ici<\/a>.<\/p>\r\n[\/et_pb_text][et_pb_text admin_label=\"paypal s\u00e9curis\u00e9\" background_layout=\"light\" text_orientation=\"left\" use_border_color=\"off\" border_color=\"#ffffff\" border_style=\"solid\" text_line_height=\"1.3em\" text_font_size=\"15\"]\r\n\r\nLe don en ligne est 100% s\u00e9curis\u00e9 gr\u00e2ce au service Paypal, sp\u00e9cialiste des paiements s\u00e9curis\u00e9s par carte bancaire.\u00a0Vous pouvez renouvelez cette op\u00e9ration quand vous le souhaitez.\r\n<p style=\"text-align: center;\">[\/et_pb_text][\/et_pb_column_inner][\/et_pb_row_inner][\/et_pb_column][\/et_pb_section][et_pb_section fullwidth=\"off\" specialty=\"on\" admin_label=\"Section\" template_type=\"\"][\/et_pb_section][et_pb_section admin_label=\"Section\" fullwidth=\"off\" specialty=\"off\"][et_pb_row admin_label=\"Ligne\"][et_pb_column type=\"1_2\"][et_pb_text admin_label=\"Construire un stoupa c'est :\" background_layout=\"light\" text_orientation=\"left\" use_border_color=\"off\" border_color=\"#ffffff\" border_style=\"solid\"]<\/p>\r\n\r\n<h2 class=\"titresdkl\">Construite un stoupa c'est :<\/h2>\r\n<strong>B\u00e2tir<\/strong> un support de pratique qui traversera les \u00e2ges et sera utilis\u00e9 par des milliers de personnes.\r\n\r\n<strong>Se relier<\/strong> \u00e0 la possibilit\u00e9 de l\u2019\u00e9veil \u00e0 travers la pr\u00e9sence de Kunzig Shamar Rinpoch\u00e9.\r\n\r\n<strong>Participer<\/strong> \u00e0 diffuser la paix et l\u2019harmonie en favorisant un regard int\u00e9rieur et un \u00e9tat d\u2019esprit altruiste.\r\n\r\n<strong>Mettre \u00e0 disposition<\/strong> de tous un nouvel espace agr\u00e9able et prot\u00e9g\u00e9 pour se recueillir, chacun \u00e0 sa fa\u00e7on.\r\n<p style=\"text-align: center;\">[\/et_pb_text][\/et_pb_column][et_pb_column type=\"1_2\"][et_pb_text admin_label=\"img Plan de coupe avec fondation\" background_layout=\"light\" text_orientation=\"left\" use_border_color=\"off\" border_color=\"#ffffff\" border_style=\"solid\"]<\/p>\r\n\r\n\r\n[caption id=\"attachment_358\" align=\"aligncenter\" width=\"415\"]<img class=\"wp-image-358\" src=\"https:\/\/stoupa.dhagpo.org\/wp-content\/uploads\/2016\/04\/mesures-stoupa-plan-coupe.jpg\" alt=\"Plan de coupe avec fondation\" width=\"415\" height=\"476\" \/> Plan de coupe avec fondation[\/caption]\r\n<p style=\"text-align: center;\">[\/et_pb_text][\/et_pb_column][\/et_pb_row][\/et_pb_section]<\/p>","_et_gb_content_width":"","ngg_post_thumbnail":0,"footnotes":""},"class_list":["post-912","page","type-page","status-publish","hentry"],"_links":{"self":[{"href":"https:\/\/stoupa.dhagpo.org\/es\/wp-json\/wp\/v2\/pages\/912","targetHints":{"allow":["GET"]}}],"collection":[{"href":"https:\/\/stoupa.dhagpo.org\/es\/wp-json\/wp\/v2\/pages"}],"about":[{"href":"https:\/\/stoupa.dhagpo.org\/es\/wp-json\/wp\/v2\/types\/page"}],"author":[{"embeddable":true,"href":"https:\/\/stoupa.dhagpo.org\/es\/wp-json\/wp\/v2\/users\/3"}],"replies":[{"embeddable":true,"href":"https:\/\/stoupa.dhagpo.org\/es\/wp-json\/wp\/v2\/comments?post=912"}],"version-history":[{"count":21,"href":"https:\/\/stoupa.dhagpo.org\/es\/wp-json\/wp\/v2\/pages\/912\/revisions"}],"predecessor-version":[{"id":1196,"href":"https:\/\/stoupa.dhagpo.org\/es\/wp-json\/wp\/v2\/pages\/912\/revisions\/1196"}],"wp:attachment":[{"href":"https:\/\/stoupa.dhagpo.org\/es\/wp-json\/wp\/v2\/media?parent=912"}],"curies":[{"name":"wp","href":"https:\/\/api.w.org\/{rel}","templated":true}]}}