{"id":894,"date":"2016-06-21T15:19:59","date_gmt":"2016-06-21T14:19:59","guid":{"rendered":"http:\/\/stoupa.dhagpo.org\/es\/?page_id=894"},"modified":"2017-06-13T16:00:11","modified_gmt":"2017-06-13T15:00:11","slug":"shamar-rimpoche","status":"publish","type":"page","link":"https:\/\/stoupa.dhagpo.org\/es\/shamar-rimpoche\/","title":{"rendered":"Shamar Rimpoch\u00e9"},"content":{"rendered":"<p>[et_pb_section admin_label=\u00bbSection\u00bb fullwidth=\u00bbon\u00bb specialty=\u00bboff\u00bb transparent_background=\u00bboff\u00bb background_color=\u00bb#ffffff\u00bb allow_player_pause=\u00bboff\u00bb inner_shadow=\u00bboff\u00bb parallax=\u00bboff\u00bb parallax_method=\u00bboff\u00bb padding_mobile=\u00bboff\u00bb make_fullwidth=\u00bboff\u00bb use_custom_width=\u00bboff\u00bb width_unit=\u00bbon\u00bb make_equal=\u00bboff\u00bb use_custom_gutter=\u00bboff\u00bb custom_css_after=\u00bbmargin:0px;\u00bb][et_pb_fullwidth_header admin_label=\u00bbEn-t\u00eate plein \u00e9cran\u00bb title=\u00bbShamar Rimpoch\u00e9\u00bb subhead=\u00bbUna actividad sin l\u00edmites\u00bb background_layout=\u00bbdark\u00bb text_orientation=\u00bbright\u00bb header_fullscreen=\u00bboff\u00bb header_scroll_down=\u00bboff\u00bb background_url=\u00bbhttps:\/\/stoupa.dhagpo.org\/wp-content\/uploads\/2016\/04\/bandeau_Shamar-Rinpoche-Zen.jpg\u00bb parallax=\u00bboff\u00bb parallax_method=\u00bboff\u00bb content_orientation=\u00bbcenter\u00bb image_orientation=\u00bbcenter\u00bb custom_button_one=\u00bboff\u00bb button_one_letter_spacing=\u00bb0&#8243; button_one_use_icon=\u00bbdefault\u00bb button_one_icon_placement=\u00bbright\u00bb button_one_on_hover=\u00bbon\u00bb button_one_letter_spacing_hover=\u00bb0&#8243; custom_button_two=\u00bboff\u00bb button_two_letter_spacing=\u00bb0&#8243; button_two_use_icon=\u00bbdefault\u00bb button_two_icon_placement=\u00bbright\u00bb button_two_on_hover=\u00bbon\u00bb button_two_letter_spacing_hover=\u00bb0&#8243; custom_css_title=\u00bb text-shadow: 0 1px 3px rgba(0, 0, 0, 1) !important;\u00bb custom_css_header_container=\u00bbheight:270px;\u00bb title_font_size=\u00bb40px\u00bb subhead_font_size=\u00bb26px\u00bb custom_css_subtitle=\u00bb text-shadow: 0 1px 3px rgba(0, 0, 0, 1) !important;\u00bb] [\/et_pb_fullwidth_header][\/et_pb_section][et_pb_section admin_label=\u00bbSection\u00bb fullwidth=\u00bboff\u00bb specialty=\u00bboff\u00bb transparent_background=\u00bboff\u00bb background_color=\u00bb#ffffff\u00bb allow_player_pause=\u00bboff\u00bb inner_shadow=\u00bbon\u00bb parallax=\u00bboff\u00bb parallax_method=\u00bboff\u00bb padding_mobile=\u00bboff\u00bb make_fullwidth=\u00bboff\u00bb use_custom_width=\u00bboff\u00bb width_unit=\u00bbon\u00bb make_equal=\u00bboff\u00bb use_custom_gutter=\u00bboff\u00bb][et_pb_row admin_label=\u00bbLigne\u00bb][et_pb_column type=\u00bb4_4&#8243;][et_pb_divider admin_label=\u00bbS\u00e9parateur\u00bb color=\u00bb#ab0032&#8243; show_divider=\u00bbon\u00bb divider_style=\u00bbsolid\u00bb divider_position=\u00bbtop\u00bb hide_on_mobile=\u00bbon\u00bb] [\/et_pb_divider][\/et_pb_column][\/et_pb_row][et_pb_row admin_label=\u00bbLigne\u00bb][et_pb_column type=\u00bb2_3&#8243;][et_pb_text admin_label=\u00bbTexte\u00bb background_layout=\u00bblight\u00bb text_orientation=\u00bbleft\u00bb use_border_color=\u00bboff\u00bb border_color=\u00bb#ffffff\u00bb border_style=\u00bbsolid\u00bb]<\/p>\n<p><img loading=\"lazy\" decoding=\"async\" class=\"wp-image-4673 alignleft\" src=\"https:\/\/stoupa.dhagpo.org\/wp-content\/uploads\/2016\/04\/Crown-Jewel-of-The-Kagyu-Lineage.png\" alt=\"Crown-Jewel-of-The-Kagyu-Lineage\" width=\"163\" height=\"163\" srcset=\"https:\/\/stoupa.dhagpo.org\/wp-content\/uploads\/2016\/04\/Crown-Jewel-of-The-Kagyu-Lineage.png 310w, https:\/\/stoupa.dhagpo.org\/wp-content\/uploads\/2016\/04\/Crown-Jewel-of-The-Kagyu-Lineage-150x150.png 150w, https:\/\/stoupa.dhagpo.org\/wp-content\/uploads\/2016\/04\/Crown-Jewel-of-The-Kagyu-Lineage-300x300.png 300w\" sizes=\"auto, (max-width: 163px) 100vw, 163px\" \/><em>Descubra:<\/em><br \/>\n<span style=\"color: #800000;\">La vida del XIV Kunzig Shamarpa \u2666<br \/>\nJoya del linaje Kagyu<br \/>\n<\/span>Por Khempo Chodrak Temphel Rimpoch\u00e9<\/p>\n<p>[\/et_pb_text][\/et_pb_column][et_pb_column type=\u00bb1_3&#8243;][et_pb_text admin_label=\u00bbTexte\u00bb background_layout=\u00bblight\u00bb text_orientation=\u00bbleft\u00bb use_border_color=\u00bboff\u00bb border_color=\u00bb#ffffff\u00bb border_style=\u00bbsolid\u00bb]<br \/>\n<a href=\"https:\/\/issuu.com\/dhagpo\/docs\/14-shamarpa-joyau-lignee-kagyu\" target=\"_blank\">\u2192 En franc\u00e9s<\/a><\/p>\n<p>&nbsp;<\/p>\n<p><a href=\"https:\/\/issuu.com\/dhagpo\/docs\/14-shamarpa-crown-jewel-kagyu-linea\" target=\"_blank\">\u2192 En&nbsp;ingl\u00e9s&nbsp;<\/a><\/p>\n<p>[\/et_pb_text][\/et_pb_column][\/et_pb_row][et_pb_row admin_label=\u00bbLigne\u00bb][et_pb_column type=\u00bb4_4&#8243;][et_pb_divider admin_label=\u00bbS\u00e9parateur\u00bb color=\u00bb#ab0032&#8243; show_divider=\u00bbon\u00bb divider_style=\u00bbsolid\u00bb divider_position=\u00bbtop\u00bb hide_on_mobile=\u00bbon\u00bb] [\/et_pb_divider][\/et_pb_column][\/et_pb_row][et_pb_row admin_label=\u00bbLigne\u00bb make_fullwidth=\u00bboff\u00bb use_custom_width=\u00bboff\u00bb width_unit=\u00bbon\u00bb use_custom_gutter=\u00bboff\u00bb padding_mobile=\u00bboff\u00bb allow_player_pause=\u00bboff\u00bb parallax=\u00bboff\u00bb parallax_method=\u00bboff\u00bb make_equal=\u00bboff\u00bb parallax_1=\u00bboff\u00bb parallax_method_1=\u00bboff\u00bb parallax_2=\u00bboff\u00bb parallax_method_2=\u00bboff\u00bb column_padding_mobile=\u00bbon\u00bb background_color=\u00bb#ffffff\u00bb module_class=\u00bbgrdtxt\u00bb][et_pb_column type=\u00bb2_3&#8243;][et_pb_text admin_label=\u00bbSa Saintet\u00e9 Mipham Ch\u00f6kyi Lodr\u00f6&#8230;\u00bb background_layout=\u00bblight\u00bb text_orientation=\u00bbleft\u00bb use_border_color=\u00bboff\u00bb border_color=\u00bb#ffffff\u00bb border_style=\u00bbsolid\u00bb module_class=\u00bbgrdtxt\u00bb]<\/p>\n<p>Su Santidad Mipham Chokyi Lodro (1952-2014) naci\u00f3 en Derge, en T\u00edbet oriental. A la edad de cuatro a\u00f1os, fue reconocido por el 16\u00ba Karmapa, Rangjung Rigpe Dorje como la 14\u00aa reencarnaci\u00f3n de Shamarpa o el que posee el sombrero rojo. Recibe todas las ense\u00f1anzas de la tradici\u00f3n Karma Kagyu del 16\u00ba Karmapa.<\/p>\n<p><a href=\"https:\/\/shamarpa.org\/history\/\" target=\"_blank\">El linaje de Shamarpas<\/a> es el segundo linaje m\u00e1s antiguo en reencarnaciones del budismo tibetano que se remonta al s. XIII. Shamar Rimpoch\u00e9 pas\u00f3 muchos a\u00f1os estudiando en la India cerca de eruditos budistas. Despu\u00e9s viaj\u00f3 y ense\u00f1\u00f3 en diversos centros budistas por toda Asia y en Occidente a partir de 1980. En 1982 se incorpor\u00f3 a la universidad de Berkeley para estudiar all\u00ed ingl\u00e9s.<\/p>\n<p>[\/et_pb_text][\/et_pb_column][et_pb_column type=\u00bb1_3&#8243;][et_pb_image admin_label=\u00bbImage\u00bb src=\u00bbhttps:\/\/stoupa.dhagpo.org\/wp-content\/uploads\/2016\/04\/16e-karmapa-14e-shamarpa-1.jpg\u00bb show_in_lightbox=\u00bboff\u00bb url_new_window=\u00bboff\u00bb use_overlay=\u00bboff\u00bb animation=\u00bboff\u00bb sticky=\u00bboff\u00bb align=\u00bbcenter\u00bb force_fullwidth=\u00bboff\u00bb always_center_on_mobile=\u00bbon\u00bb use_border_color=\u00bboff\u00bb border_color=\u00bb#ffffff\u00bb border_style=\u00bbsolid\u00bb] [\/et_pb_image][\/et_pb_column][\/et_pb_row][\/et_pb_section][et_pb_section admin_label=\u00bbSection\u00bb fullwidth=\u00bboff\u00bb specialty=\u00bboff\u00bb transparent_background=\u00bboff\u00bb background_color=\u00bb#f2f2f2&#8243; allow_player_pause=\u00bboff\u00bb inner_shadow=\u00bbon\u00bb parallax=\u00bboff\u00bb parallax_method=\u00bboff\u00bb padding_mobile=\u00bboff\u00bb make_fullwidth=\u00bboff\u00bb use_custom_width=\u00bboff\u00bb width_unit=\u00bbon\u00bb make_equal=\u00bboff\u00bb use_custom_gutter=\u00bboff\u00bb module_id=\u00bbgrdtxt\u00bb][et_pb_row admin_label=\u00bbLigne\u00bb make_fullwidth=\u00bboff\u00bb use_custom_width=\u00bboff\u00bb width_unit=\u00bbon\u00bb use_custom_gutter=\u00bboff\u00bb padding_mobile=\u00bboff\u00bb allow_player_pause=\u00bboff\u00bb parallax=\u00bboff\u00bb parallax_method=\u00bboff\u00bb make_equal=\u00bboff\u00bb parallax_1=\u00bboff\u00bb parallax_method_1=\u00bboff\u00bb column_padding_mobile=\u00bbon\u00bb module_class=\u00bbgrdtxt\u00bb][et_pb_column type=\u00bb4_4&#8243;][et_pb_text admin_label=\u00bbShamar Rinpoch\u00e9 a d\u00e9di\u00e9 ses efforts aux diff\u00e9rents projets que le 16e Karmapa avait initi\u00e9s.\u00bb background_layout=\u00bblight\u00bb text_orientation=\u00bbleft\u00bb use_border_color=\u00bboff\u00bb border_color=\u00bb#ffffff\u00bb border_style=\u00bbsolid\u00bb module_id=\u00bbgrdtxt\u00bb]<\/p>\n<div id=\"attachment_82\" style=\"width: 464px\" class=\"wp-caption alignleft\"><img loading=\"lazy\" decoding=\"async\" aria-describedby=\"caption-attachment-82\" class=\"size-full wp-image-82\" src=\"https:\/\/stoupa.dhagpo.org\/wp-content\/uploads\/2016\/04\/maquette-rough_KSR_placement-KIBI-picKSR.jpg\" alt=\"L\u00e9gende\" width=\"454\" height=\"408\"><p id=\"caption-attachment-82\" class=\"wp-caption-text\">Shamar Rimpoch\u00e9 y el Presidente de la India, Sri Ramaswamy Venkataraman, durante la inauguraci\u00f3n de KIBI en 1991.<\/p><\/div>\n<p>Shamar Rimpoch\u00e9 ha dedicado sus esfuerzos a diferentes proyectos que le 16\u00ba Karmapa hab\u00eda iniciado.<\/p>\n<p>Termin\u00f3 la reimpresi\u00f3n del Tengyur, un corpus de textos en 214 vol\u00famenes en los cuales los maestros indios y tibetanos esclarecen las ense\u00f1anzas del buda hist\u00f3rico, Shakyamuni. Tambi\u00e9n apoy\u00f3 y gui\u00f3 el monasterio de Rumtek, sede del 16\u00ba Karmapa.<\/p>\n<p>Cofund\u00f3 y cre\u00f3 el <a href=\"https:\/\/www.kibi-edu.org\/\" target=\"_blank\">Karmapa Buddhist International Institute (KIBI)<\/a>, en Nueva Delhi, en la India. Socio de la Universidad Mewar, el instituto ofrece ahora un t\u00edtulo en estudios budistas tanto para estudiantes mon\u00e1sticos como para laicos. Shamar Rimpoch\u00e9 viajaba con frecuencia al extranjero para ense\u00f1ar en numerosos centros Kagyu del mundo entero.<\/p>\n<p>[\/et_pb_text][\/et_pb_column][\/et_pb_row][\/et_pb_section][et_pb_section admin_label=\u00bbSection\u00bb fullwidth=\u00bboff\u00bb specialty=\u00bboff\u00bb transparent_background=\u00bboff\u00bb background_color=\u00bb#ffffff\u00bb allow_player_pause=\u00bboff\u00bb inner_shadow=\u00bbon\u00bb parallax=\u00bboff\u00bb parallax_method=\u00bboff\u00bb padding_mobile=\u00bboff\u00bb make_fullwidth=\u00bboff\u00bb use_custom_width=\u00bboff\u00bb width_unit=\u00bbon\u00bb make_equal=\u00bboff\u00bb use_custom_gutter=\u00bboff\u00bb module_id=\u00bbgrdtxt\u00bb][et_pb_row admin_label=\u00bbLigne\u00bb make_fullwidth=\u00bboff\u00bb use_custom_width=\u00bboff\u00bb width_unit=\u00bbon\u00bb use_custom_gutter=\u00bboff\u00bb padding_mobile=\u00bboff\u00bb allow_player_pause=\u00bboff\u00bb parallax=\u00bboff\u00bb parallax_method=\u00bboff\u00bb make_equal=\u00bboff\u00bb parallax_1=\u00bboff\u00bb parallax_method_1=\u00bboff\u00bb column_padding_mobile=\u00bbon\u00bb module_class=\u00bbgrdtxt\u00bb][et_pb_column type=\u00bb2_3&#8243;][et_pb_text admin_label=\u00bb\u00c9tant l\u2019un des deux d\u00e9tenteurs de la lign\u00e9e Karma Kagy\u00fc&#8230;\u00bb background_layout=\u00bblight\u00bb text_orientation=\u00bbleft\u00bb use_border_color=\u00bboff\u00bb border_color=\u00bb#ffffff\u00bb border_style=\u00bbsolid\u00bb]<\/p>\n<p>&nbsp;<\/p>\n<p>Siendo uno de los dos poseedores del linaje Karma Kagyu, y de acuerdo con su rango, reconoci\u00f3 y entroniz\u00f3 a Trinley Thaye Dorje como el 17\u00ba Karmapa y se asegur\u00f3 de que recibiera la educaci\u00f3n y las transmisiones de la tradici\u00f3n Kagyu.<\/p>\n<p>[\/et_pb_text][\/et_pb_column][et_pb_column type=\u00bb1_3&#8243;][et_pb_image admin_label=\u00bbImage\u00bb src=\u00bbhttps:\/\/stoupa.dhagpo.org\/wp-content\/uploads\/2016\/04\/17e-karmapa-14e-shamarpa.jpg\u00bb show_in_lightbox=\u00bboff\u00bb url_new_window=\u00bboff\u00bb use_overlay=\u00bboff\u00bb animation=\u00bboff\u00bb sticky=\u00bboff\u00bb align=\u00bbleft\u00bb force_fullwidth=\u00bboff\u00bb always_center_on_mobile=\u00bbon\u00bb use_border_color=\u00bboff\u00bb border_color=\u00bb#ffffff\u00bb border_style=\u00bbsolid\u00bb] [\/et_pb_image][\/et_pb_column][\/et_pb_row][\/et_pb_section][et_pb_section admin_label=\u00bbSection\u00bb fullwidth=\u00bbon\u00bb specialty=\u00bboff\u00bb][et_pb_fullwidth_image admin_label=\u00bbTransmission Voeux KSR &#8211; GK\u00bb src=\u00bbhttps:\/\/stoupa.dhagpo.org\/wp-content\/uploads\/2016\/06\/voeux_boddhisattva_Karmapa-Shamarpa_es.jpg\u00bb show_in_lightbox=\u00bboff\u00bb url_new_window=\u00bboff\u00bb use_overlay=\u00bboff\u00bb animation=\u00bboff\u00bb use_border_color=\u00bboff\u00bb border_color=\u00bb#ffffff\u00bb border_style=\u00bbsolid\u00bb] [\/et_pb_fullwidth_image][\/et_pb_section][et_pb_section admin_label=\u00bbSection\u00bb fullwidth=\u00bboff\u00bb specialty=\u00bboff\u00bb transparent_background=\u00bboff\u00bb background_color=\u00bb#ffffff\u00bb allow_player_pause=\u00bboff\u00bb inner_shadow=\u00bbon\u00bb parallax=\u00bboff\u00bb parallax_method=\u00bboff\u00bb padding_mobile=\u00bboff\u00bb make_fullwidth=\u00bboff\u00bb use_custom_width=\u00bboff\u00bb width_unit=\u00bbon\u00bb make_equal=\u00bboff\u00bb use_custom_gutter=\u00bboff\u00bb module_id=\u00bbgrdtxt\u00bb][et_pb_row admin_label=\u00bbLigne\u00bb make_fullwidth=\u00bboff\u00bb use_custom_width=\u00bboff\u00bb width_unit=\u00bbon\u00bb use_custom_gutter=\u00bboff\u00bb padding_mobile=\u00bboff\u00bb allow_player_pause=\u00bboff\u00bb parallax=\u00bboff\u00bb parallax_method=\u00bboff\u00bb make_equal=\u00bboff\u00bb parallax_1=\u00bboff\u00bb parallax_method_1=\u00bboff\u00bb column_padding_mobile=\u00bbon\u00bb module_class=\u00bbgrdtxt\u00bb][et_pb_column type=\u00bb4_4&#8243;][et_pb_text admin_label=\u00bbEn 1996, il fonde les centres bouddhiques Bodhi Path, \u00bb background_layout=\u00bblight\u00bb text_orientation=\u00bbleft\u00bb use_border_color=\u00bboff\u00bb border_color=\u00bb#ffffff\u00bb border_style=\u00bbsolid\u00bb]<\/p>\n<p><img loading=\"lazy\" decoding=\"async\" class=\"wp-image-459 alignright\" src=\"https:\/\/stoupa.dhagpo.org\/wp-content\/uploads\/2016\/04\/shamar-rinpoche-enseignement-2.jpg\" alt=\"\" width=\"332\" height=\"237\" srcset=\"https:\/\/stoupa.dhagpo.org\/wp-content\/uploads\/2016\/04\/shamar-rinpoche-enseignement-2.jpg 500w, https:\/\/stoupa.dhagpo.org\/wp-content\/uploads\/2016\/04\/shamar-rinpoche-enseignement-2-300x214.jpg 300w, https:\/\/stoupa.dhagpo.org\/wp-content\/uploads\/2016\/04\/shamar-rinpoche-enseignement-2-400x284.jpg 400w\" sizes=\"auto, (max-width: 332px) 100vw, 332px\" \/><br \/>\nEn 1996, funda los <a href=\"https:\/\/www.bodhipath.org\/\" target=\"_blank\">centros budistas Bodhi Path<\/a>, una red de centros presentes en varios continentes que proporcionan un enfoque no sectario del budismo. El plan de estudios de los centros Bodhi Path se basa en las ense\u00f1anzas del maestro budista indio Atisha tal y como las transmiti\u00f3 Gampopa.<\/p>\n<p>[\/et_pb_text][\/et_pb_column][\/et_pb_row][\/et_pb_section][et_pb_section admin_label=\u00bbSection\u00bb fullwidth=\u00bboff\u00bb specialty=\u00bboff\u00bb][et_pb_row admin_label=\u00bbLigne\u00bb make_fullwidth=\u00bboff\u00bb use_custom_width=\u00bboff\u00bb width_unit=\u00bbon\u00bb use_custom_gutter=\u00bboff\u00bb padding_mobile=\u00bboff\u00bb allow_player_pause=\u00bboff\u00bb parallax=\u00bboff\u00bb parallax_method=\u00bboff\u00bb make_equal=\u00bboff\u00bb parallax_1=\u00bboff\u00bb parallax_method_1=\u00bboff\u00bb parallax_2=\u00bboff\u00bb parallax_method_2=\u00bboff\u00bb column_padding_mobile=\u00bbon\u00bb module_class=\u00bbgrdtxt\u00bb][et_pb_column type=\u00bb1_2&#8243;][et_pb_text admin_label=\u00bbpics Shar Minub &amp; Infinite Compassion\u00bb background_layout=\u00bblight\u00bb text_orientation=\u00bbleft\u00bb use_border_color=\u00bboff\u00bb border_color=\u00bb#ffffff\u00bb border_style=\u00bbsolid\u00bb]<\/p>\n<div id=\"attachment_137\" style=\"width: 520px\" class=\"wp-caption alignleft\"><img loading=\"lazy\" decoding=\"async\" aria-describedby=\"caption-attachment-137\" class=\"wp-image-137 \" src=\"https:\/\/stoupa.dhagpo.org\/wp-content\/uploads\/2016\/04\/positionnement_sharminub-aerienne.jpg\" alt=\"L\u00e9gende Sharminub vue a\u00e9rienne (comme ci-dessus)\" width=\"510\" height=\"383\" srcset=\"https:\/\/stoupa.dhagpo.org\/wp-content\/uploads\/2016\/04\/positionnement_sharminub-aerienne.jpg 640w, https:\/\/stoupa.dhagpo.org\/wp-content\/uploads\/2016\/04\/positionnement_sharminub-aerienne-300x225.jpg 300w\" sizes=\"auto, (max-width: 510px) 100vw, 510px\" \/><p id=\"caption-attachment-137\" class=\"wp-caption-text\">Vista a\u00e9rea del Instituto Shar Minub con el centro de retiros al fondo.<\/p><\/div>\n<p>&nbsp;<\/p>\n<p><a href=\"https:\/\/www.infinite-compassion.de\/?lang=en\" target=\"_blank\" rel=\"Site de la fondation Infinite Compassion\"><img loading=\"lazy\" decoding=\"async\" class=\"alignleft wp-image-462\" title=\"Un visuel de la Fondation Infinite Compassion \" src=\"https:\/\/stoupa.dhagpo.org\/wp-content\/uploads\/2016\/04\/picture_infinite-compassion_English.jpg\" alt=\"Un visuel de la Fondation Infinite Compassion \" width=\"490\" height=\"276\" srcset=\"https:\/\/stoupa.dhagpo.org\/wp-content\/uploads\/2016\/04\/picture_infinite-compassion_English.jpg 600w, https:\/\/stoupa.dhagpo.org\/wp-content\/uploads\/2016\/04\/picture_infinite-compassion_English-300x169.jpg 300w\" sizes=\"auto, (max-width: 490px) 100vw, 490px\" \/><\/a><\/p>\n<p>[\/et_pb_text][\/et_pb_column][et_pb_column type=\u00bb1_2&#8243;][et_pb_text admin_label=\u00bbAfin de fournir un parfait exemple de la fa\u00e7on dont les disciples renon\u00e7ant du Bouddha\u00bb background_layout=\u00bblight\u00bb text_orientation=\u00bbleft\u00bb use_border_color=\u00bboff\u00bb border_color=\u00bb#ffffff\u00bb border_style=\u00bbsolid\u00bb]<\/p>\n<p>Con el fin de proporcionar un ejemplo perfecto de la manera en la que se supone que han de vivir los disc\u00edpulos de Buda que han renunciado, Shamar Rimpoch\u00e9 construye en el 2005, el centro de retiros de Shar Minub, en Katmandu, en Nepal. En Shar Minub, 20 monjes mantienen rigurosamente el conjunto de 253 votos de Vinaya.<br \/>\nBajo el centro de retiro, est\u00e1 previsto el <a href=\"https:\/\/sharminubnepal.org\/\" target=\"_blank\">Instituto Shar Minub<\/a>: un instituto acad\u00e9mico para formar a ense\u00f1antes del Dharma (tanto de Nepal como del extranjero) y tambi\u00e9n un lugar de investigaci\u00f3n universitaria avanzada. El instituto, que actualmente se encuentra en construcci\u00f3n, albergar\u00e1 una biblioteca con obras sobre las religiones del mundo y que servir\u00e1 de centro de traducci\u00f3n para los textos budistas de importancia, con el fin de compartir las ventajas de este precioso tesoro del Dharma y sus textos con el mayor n\u00famero de personas por el mundo.<\/p>\n<p>En enero del 2009, Shamar Rimpoch\u00e9 crea la fundaci\u00f3n Infinita Compasi\u00f3n que tiene como objetivo promover los derechos de los animales. La <a href=\"https:\/\/www.infinite-compassion.de\/?lang=en\" target=\"_blank\">rama alemana de la fundaci\u00f3n<\/a> apoya igualmente los derechos humanos, proyectos educativos y de atenci\u00f3n m\u00e9dica. Se ha movilizado en particular para apoyar a la poblaci\u00f3n nepal\u00ed tras el terremoto del 2015.<\/p>\n<p>[\/et_pb_text][\/et_pb_column][\/et_pb_row][\/et_pb_section][et_pb_section admin_label=\u00bbSection\u00bb fullwidth=\u00bboff\u00bb specialty=\u00bboff\u00bb transparent_background=\u00bboff\u00bb background_color=\u00bb#f2f2f2&#8243; allow_player_pause=\u00bboff\u00bb inner_shadow=\u00bboff\u00bb parallax=\u00bboff\u00bb parallax_method=\u00bboff\u00bb padding_mobile=\u00bboff\u00bb make_fullwidth=\u00bboff\u00bb use_custom_width=\u00bboff\u00bb width_unit=\u00bbon\u00bb make_equal=\u00bboff\u00bb use_custom_gutter=\u00bboff\u00bb][et_pb_row admin_label=\u00bbLigne\u00bb][et_pb_column type=\u00bb4_4&#8243;][et_pb_text admin_label=\u00bbde\u0301veloppement et le rayonnement de Dhagpo Kagyu Ling \u00bb background_layout=\u00bblight\u00bb text_orientation=\u00bbleft\u00bb use_border_color=\u00bboff\u00bb border_color=\u00bb#ffffff\u00bb border_style=\u00bbsolid\u00bb module_class=\u00bbgrdtxt\u00bb]<\/p>\n<div id=\"attachment_467\" style=\"width: 422px\" class=\"wp-caption alignright\"><img loading=\"lazy\" decoding=\"async\" aria-describedby=\"caption-attachment-467\" class=\"wp-image-467\" src=\"https:\/\/stoupa.dhagpo.org\/wp-content\/uploads\/2016\/04\/17e-karmapa-14e-shamarpa-premiere-pierre-institut-2.jpg\" alt=\"Premi\u00e8re pierre l\u00e9gende idem\" width=\"412\" height=\"304\" srcset=\"https:\/\/stoupa.dhagpo.org\/wp-content\/uploads\/2016\/04\/17e-karmapa-14e-shamarpa-premiere-pierre-institut-2.jpg 500w, https:\/\/stoupa.dhagpo.org\/wp-content\/uploads\/2016\/04\/17e-karmapa-14e-shamarpa-premiere-pierre-institut-2-300x221.jpg 300w\" sizes=\"auto, (max-width: 412px) 100vw, 412px\" \/><p id=\"caption-attachment-467\" class=\"wp-caption-text\">Primera piedra del Instituto, 15 de agosto 2002<\/p><\/div>\n<p>Shamar Rimpoch\u00e9 juega un rol importante en el desarrollo y en la influencia de <a href=\"https:\/\/www.dhagpo.org\/es\/index.php\" target=\"_blank\">Dhagpo Kagyu Ling<\/a> y en la durabilidad y la autenticidad de las transmisiones de pr\u00e1ctica en <a href=\"https:\/\/www.dhagpo-kundreul.org\/index.php\/fr\/\" target=\"_blank\">Dhagpo Kundreul Ling<\/a>. Cada a\u00f1o viaja a Francia para dar ense\u00f1anzas precisas al gran p\u00fablico y a asegurar la formaci\u00f3n continua de los ense\u00f1antes. En el 2003 est\u00e1 al lado de Thaye Dorje, Su Santidad el 17\u00ba Karmapa, para posar la primera piedra del <a href=\"https:\/\/dhagpo.org\/es\/index.php\/instituto\/presentacion\" target=\"_blank\">Instituto de Dhagpo<\/a>. En el 2013, inaugurar\u00e1 el edificio, en presencia tanto de representantes del Estado franc\u00e9s como de 2000 personas.<\/p>\n<p>[\/et_pb_text][\/et_pb_column][\/et_pb_row][\/et_pb_section][et_pb_section admin_label=\u00bbSection\u00bb fullwidth=\u00bbon\u00bb specialty=\u00bboff\u00bb transparent_background=\u00bboff\u00bb background_color=\u00bb#ffffff\u00bb allow_player_pause=\u00bboff\u00bb inner_shadow=\u00bboff\u00bb parallax=\u00bbon\u00bb parallax_method=\u00bboff\u00bb padding_mobile=\u00bboff\u00bb make_fullwidth=\u00bboff\u00bb use_custom_width=\u00bboff\u00bb width_unit=\u00bbon\u00bb make_equal=\u00bboff\u00bb use_custom_gutter=\u00bboff\u00bb][et_pb_fullwidth_image admin_label=\u00bbInauguration, foule Parvis avec KSR\u00bb src=\u00bbhttps:\/\/stoupa.dhagpo.org\/wp-content\/uploads\/2016\/04\/inauguration-institute_ksr.jpg\u00bb show_in_lightbox=\u00bboff\u00bb url_new_window=\u00bboff\u00bb use_overlay=\u00bboff\u00bb animation=\u00bboff\u00bb use_border_color=\u00bboff\u00bb border_color=\u00bb#ffffff\u00bb border_style=\u00bbsolid\u00bb] [\/et_pb_fullwidth_image][\/et_pb_section][et_pb_section admin_label=\u00bbSection\u00bb fullwidth=\u00bboff\u00bb specialty=\u00bboff\u00bb transparent_background=\u00bboff\u00bb background_color=\u00bb#ffffff\u00bb allow_player_pause=\u00bboff\u00bb inner_shadow=\u00bboff\u00bb parallax=\u00bboff\u00bb parallax_method=\u00bboff\u00bb padding_mobile=\u00bboff\u00bb make_fullwidth=\u00bboff\u00bb use_custom_width=\u00bboff\u00bb width_unit=\u00bbon\u00bb make_equal=\u00bboff\u00bb use_custom_gutter=\u00bboff\u00bb][et_pb_row admin_label=\u00bbLigne\u00bb][et_pb_column type=\u00bb4_4&#8243;][et_pb_text admin_label=\u00bbTexte\u00bb background_layout=\u00bblight\u00bb text_orientation=\u00bbleft\u00bb use_border_color=\u00bboff\u00bb border_color=\u00bb#ffffff\u00bb border_style=\u00bbsolid\u00bb]<\/p>\n<p>Shamar Rimpoch\u00e9 ha escrito varios libros de los cuales los siguientes est\u00e1n traducidos al espa\u00f1ol <a href=\"https:\/\/www.rabseleditions.com\/Ouvrages\/rapidcart\/Ouvrages.html\" target=\"_blank\">en espa\u00f1ol publicado por Rabsel \u00e9ditions:<\/a><\/p>\n<p>&nbsp;<\/p>\n<ul>\n<li><em>Despertar sin l\u00edmites. El corazon de la meditaci\u00f3n budista<\/em>, La Remu\u00e9e, Rabsel \u00c9ditions, 2013.<\/li>\n<li><em>El camino al despertar. Un comentario de Shamar Rinpoche sobre Los Siete Puntos del Entrenamiento de la Mente escrito por Ja Chekawa Yeshe Dorje<\/em>, La Remu\u00e9e, Rabsel \u00c9ditions, 2015.<\/li>\n<\/ul>\n<p>[\/et_pb_text][\/et_pb_column][\/et_pb_row][et_pb_row admin_label=\u00bbLigne\u00bb][et_pb_column type=\u00bb1_4&#8243;][\/et_pb_column][et_pb_column type=\u00bb1_4&#8243;][et_pb_image admin_label=\u00bbdespertar sin limites\u00bb src=\u00bbhttps:\/\/stoupa.dhagpo.org\/wp-content\/uploads\/2016\/06\/Shamar-rinpoche_despertar-sin-limites_web.jpg\u00bb show_in_lightbox=\u00bboff\u00bb url_new_window=\u00bboff\u00bb use_overlay=\u00bboff\u00bb animation=\u00bboff\u00bb sticky=\u00bboff\u00bb align=\u00bbleft\u00bb force_fullwidth=\u00bboff\u00bb always_center_on_mobile=\u00bbon\u00bb use_border_color=\u00bboff\u00bb border_color=\u00bb#ffffff\u00bb border_style=\u00bbsolid\u00bb custom_css_main_element=\u00bbborder:1px solid silver;\u00bb] [\/et_pb_image][\/et_pb_column][et_pb_column type=\u00bb1_4&#8243;][et_pb_image admin_label=\u00bbcamino al despertar\u00bb src=\u00bbhttps:\/\/stoupa.dhagpo.org\/wp-content\/uploads\/2016\/06\/Shamar-rinpoche_camino-al-despertar_web.jpg\u00bb show_in_lightbox=\u00bboff\u00bb url_new_window=\u00bboff\u00bb use_overlay=\u00bboff\u00bb animation=\u00bboff\u00bb sticky=\u00bboff\u00bb align=\u00bbleft\u00bb force_fullwidth=\u00bboff\u00bb always_center_on_mobile=\u00bbon\u00bb use_border_color=\u00bboff\u00bb border_color=\u00bb#ffffff\u00bb border_style=\u00bbsolid\u00bb custom_css_main_element=\u00bbborder:1px solid silver;\u00bb] [\/et_pb_image][\/et_pb_column][et_pb_column type=\u00bb1_4&#8243;][\/et_pb_column][\/et_pb_row][\/et_pb_section]<\/p>\n","protected":false},"excerpt":{"rendered":"<p>Descubra: La vida del XIV Kunzig Shamarpa \u2666 Joya del linaje Kagyu Por Khempo Chodrak Temphel Rimpoch\u00e9 \u2192 En franc\u00e9s &nbsp; \u2192 En&nbsp;ingl\u00e9s&nbsp; Su Santidad Mipham Chokyi Lodro (1952-2014) naci\u00f3 en Derge, en T\u00edbet oriental. A la edad de cuatro a\u00f1os, fue reconocido por el 16\u00ba Karmapa, Rangjung Rigpe Dorje como la 14\u00aa reencarnaci\u00f3n de [&hellip;]<\/p>\n","protected":false},"author":1,"featured_media":0,"parent":0,"menu_order":0,"comment_status":"closed","ping_status":"closed","template":"","meta":{"_et_pb_use_builder":"on","_et_pb_old_content":"","_et_gb_content_width":"","ngg_post_thumbnail":0,"footnotes":""},"class_list":["post-894","page","type-page","status-publish","hentry"],"_links":{"self":[{"href":"https:\/\/stoupa.dhagpo.org\/es\/wp-json\/wp\/v2\/pages\/894","targetHints":{"allow":["GET"]}}],"collection":[{"href":"https:\/\/stoupa.dhagpo.org\/es\/wp-json\/wp\/v2\/pages"}],"about":[{"href":"https:\/\/stoupa.dhagpo.org\/es\/wp-json\/wp\/v2\/types\/page"}],"author":[{"embeddable":true,"href":"https:\/\/stoupa.dhagpo.org\/es\/wp-json\/wp\/v2\/users\/1"}],"replies":[{"embeddable":true,"href":"https:\/\/stoupa.dhagpo.org\/es\/wp-json\/wp\/v2\/comments?post=894"}],"version-history":[{"count":11,"href":"https:\/\/stoupa.dhagpo.org\/es\/wp-json\/wp\/v2\/pages\/894\/revisions"}],"predecessor-version":[{"id":4701,"href":"https:\/\/stoupa.dhagpo.org\/es\/wp-json\/wp\/v2\/pages\/894\/revisions\/4701"}],"wp:attachment":[{"href":"https:\/\/stoupa.dhagpo.org\/es\/wp-json\/wp\/v2\/media?parent=894"}],"curies":[{"name":"wp","href":"https:\/\/api.w.org\/{rel}","templated":true}]}}