{"id":890,"date":"2016-06-21T10:34:14","date_gmt":"2016-06-21T09:34:14","guid":{"rendered":"http:\/\/stoupa.dhagpo.org\/es\/?page_id=890"},"modified":"2022-07-21T15:06:38","modified_gmt":"2022-07-21T14:06:38","slug":"el-proyecto","status":"publish","type":"page","link":"https:\/\/stoupa.dhagpo.org\/es\/el-proyecto\/","title":{"rendered":"El proyecto"},"content":{"rendered":"<p>[et_pb_section fb_built=\u00bb1&#8243; fullwidth=\u00bbon\u00bb custom_padding_last_edited=\u00bbon|desktop\u00bb admin_label=\u00bbSection\u00bb _builder_version=\u00bb4.16&#8243; background_color=\u00bb#ffffff\u00bb custom_padding_tablet=\u00bb50px|0|50px|0&#8243; custom_padding_phone=\u00bb\u00bb custom_css_after=\u00bbmargin:0px;\u00bb transparent_background=\u00bboff\u00bb padding_mobile=\u00bboff\u00bb global_colors_info=\u00bb{}\u00bb][et_pb_fullwidth_header title=\u00bb\u00bfQu\u00e9 es una estupa?\u00bb subhead=\u00bbUn soporte bendecido para formular deseos\u00bb text_orientation=\u00bbright\u00bb admin_label=\u00bbEn-t\u00eate plein \u00e9cran\u00bb _builder_version=\u00bb4.16&#8243; title_font_size=\u00bb40px\u00bb subhead_font_size=\u00bb26px\u00bb background_color=\u00bbrgba(255, 255, 255, 0)\u00bb background_image=\u00bbhttps:\/\/stoupa.dhagpo.org\/wp-content\/uploads\/2016\/04\/bandeau_projet-stoupa-dhagpo-1.jpg\u00bb custom_css_header_container=\u00bbheight:270px;\u00bb custom_css_title=\u00bb text-shadow: 0 1px 3px rgba(0, 0, 0, 1) !important;||\u00bb custom_css_subtitle=\u00bb text-shadow: 0 1px 3px rgba(0, 0, 0, 1) !important;\u00bb background_url=\u00bbhttps:\/\/stoupa.dhagpo.org\/wp-content\/uploads\/2016\/04\/bandeau_projet-stoupa-dhagpo-1.jpg\u00bb global_colors_info=\u00bb{}\u00bb button_one_text_size__hover_enabled=\u00bboff\u00bb button_two_text_size__hover_enabled=\u00bboff\u00bb button_one_text_color__hover_enabled=\u00bboff\u00bb button_two_text_color__hover_enabled=\u00bboff\u00bb button_one_border_width__hover_enabled=\u00bboff\u00bb button_two_border_width__hover_enabled=\u00bboff\u00bb button_one_border_color__hover_enabled=\u00bboff\u00bb button_two_border_color__hover_enabled=\u00bboff\u00bb button_one_border_radius__hover_enabled=\u00bboff\u00bb button_two_border_radius__hover_enabled=\u00bboff\u00bb button_one_letter_spacing__hover_enabled=\u00bboff\u00bb button_two_letter_spacing__hover_enabled=\u00bboff\u00bb button_one_bg_color__hover_enabled=\u00bboff\u00bb button_two_bg_color__hover_enabled=\u00bboff\u00bb][\/et_pb_fullwidth_header][\/et_pb_section][et_pb_section fb_built=\u00bb1&#8243; inner_shadow=\u00bbon\u00bb custom_padding_last_edited=\u00bbon|desktop\u00bb admin_label=\u00bbSection\u00bb _builder_version=\u00bb4.16&#8243; background_color=\u00bb#ffffff\u00bb custom_padding=\u00bb31px|0px|54px|0px|false|false\u00bb custom_padding_tablet=\u00bb50px|0|50px|0&#8243; custom_padding_phone=\u00bb\u00bb transparent_background=\u00bboff\u00bb global_colors_info=\u00bb{}\u00bb][et_pb_row column_structure=\u00bb1_3,2_3&#8243; column_padding_mobile=\u00bbon\u00bb admin_label=\u00bbLigne\u00bb module_class=\u00bbgrdtxt\u00bb _builder_version=\u00bb4.16&#8243; background_color=\u00bb#ffffff\u00bb background_size=\u00bbinitial\u00bb background_position=\u00bbtop_left\u00bb background_repeat=\u00bbrepeat\u00bb custom_padding=\u00bb0|0px|27px|0px|false|false\u00bb global_colors_info=\u00bb{}\u00bb][et_pb_column type=\u00bb1_3&#8243; _builder_version=\u00bb4.16&#8243; custom_padding=\u00bb|||\u00bb global_colors_info=\u00bb{}\u00bb custom_padding__hover=\u00bb|||\u00bb][et_pb_image src=\u00bbhttps:\/\/stoupa.dhagpo.org\/wp-content\/uploads\/2016\/04\/stupa-5.jpg\u00bb align=\u00bbcenter\u00bb align_tablet=\u00bbcenter\u00bb align_phone=\u00bb\u00bb align_last_edited=\u00bbon|desktop\u00bb admin_label=\u00bbImage\u00bb _builder_version=\u00bb4.16&#8243; custom_margin=\u00bb40px|||\u00bb custom_margin_tablet=\u00bb0px|||\u00bb custom_margin_phone=\u00bb\u00bb custom_margin_last_edited=\u00bbon|phone\u00bb use_border_color=\u00bboff\u00bb border_color=\u00bb#ffffff\u00bb border_style=\u00bbsolid\u00bb animation=\u00bboff\u00bb sticky=\u00bboff\u00bb global_colors_info=\u00bb{}\u00bb][\/et_pb_image][\/et_pb_column][et_pb_column type=\u00bb2_3&#8243; _builder_version=\u00bb4.16&#8243; custom_padding=\u00bb|||\u00bb global_colors_info=\u00bb{}\u00bb custom_padding__hover=\u00bb|||\u00bb][et_pb_text admin_label=\u00bbtxt-1peudhistoire\u00bb module_class=\u00bbgrdtxt\u00bb _builder_version=\u00bb4.16&#8243; background_size=\u00bbinitial\u00bb background_position=\u00bbtop_left\u00bb background_repeat=\u00bbrepeat\u00bb custom_css_main_element=\u00bbh2 {color:blue;}\u00bb use_border_color=\u00bboff\u00bb border_color=\u00bb#ffffff\u00bb border_style=\u00bbsolid\u00bb global_colors_info=\u00bb{}\u00bb]&nbsp;<\/p>\n<h2 class=\"titresdkl\">Un poco de historia&#8230;<\/h2>\n<p>Una estupa es un monumento relicario espec\u00edfico del budismo. Inspirado en los t\u00famulos funerarios de la India antigua, su funci\u00f3n principal es la de acoger las reliquias de grandes maestros o de personas consagradas a la religi\u00f3n. Esta tradici\u00f3n se remonta a los tiempos del Buda Sakyamuni. Fue \u00e9l mismo el que a petici\u00f3n de sus disc\u00edpulos dio instrucciones muy precisas sobre la manera de construir una estupa y sobre la forma que \u00e9sta deb\u00eda de tener. Tras su muerte y su cremaci\u00f3n, se construyeron ocho grandes estupas con el fin de conmemorar los principales acontecimientos de su vida, de marcar los lugares sagrados por donde pas\u00f3 y de albergar las reliquias constituidas por sus huesos. Posteriormente, esta pr\u00e1ctica se ha perpetuado y encontramos tambi\u00e9n estupas en todos aquellos pa\u00edses en donde el budismo se ha difundido. Su forma var\u00eda seg\u00fan las culturas, pero su papel sigue siendo el mismo. Cada etapa de su construcci\u00f3n est\u00e1 sujeta a unas reglas y unos rituales espec\u00edficos. Una estupa es a la vez un medio de recordar la presencia de un maestro tras su desaparici\u00f3n f\u00edsica y un soporte de ofrendas, vector a su vez de numerosos beneficios.<\/p>\n<p>&nbsp;<br \/>\n[\/et_pb_text][\/et_pb_column][\/et_pb_row][\/et_pb_section][et_pb_section fb_built=\u00bb1&#8243; inner_shadow=\u00bbon\u00bb custom_padding_last_edited=\u00bbon|desktop\u00bb admin_label=\u00bbSection\u00bb module_id=\u00bbgrdtxt\u00bb _builder_version=\u00bb4.16&#8243; background_color=\u00bb#f2f2f2&#8243; custom_padding_tablet=\u00bb50px|0|50px|0&#8243; custom_padding_phone=\u00bb\u00bb transparent_background=\u00bboff\u00bb padding_mobile=\u00bboff\u00bb global_colors_info=\u00bb{}\u00bb][et_pb_row column_structure=\u00bb2_3,1_3&#8243; padding_mobile=\u00bboff\u00bb column_padding_mobile=\u00bbon\u00bb admin_label=\u00bbLigne\u00bb module_class=\u00bbgrdtxt\u00bb _builder_version=\u00bb4.16&#8243; background_size=\u00bbinitial\u00bb background_position=\u00bbtop_left\u00bb background_repeat=\u00bbrepeat\u00bb global_colors_info=\u00bb{}\u00bb][et_pb_column type=\u00bb2_3&#8243; _builder_version=\u00bb4.16&#8243; custom_padding=\u00bb|||\u00bb global_colors_info=\u00bb{}\u00bb custom_padding__hover=\u00bb|||\u00bb][et_pb_text admin_label=\u00bbLa symbolique du stoupa\u00bb module_class=\u00bbgrdtxt\u00bb _builder_version=\u00bb4.16&#8243; background_size=\u00bbinitial\u00bb background_position=\u00bbtop_left\u00bb background_repeat=\u00bbrepeat\u00bb custom_css_main_element=\u00bbh2 {color:blue;}\u00bb use_border_color=\u00bboff\u00bb border_color=\u00bb#ffffff\u00bb border_style=\u00bbsolid\u00bb global_colors_info=\u00bb{}\u00bb]<\/p>\n<h2 class=\"titresdkl\">La simbolog\u00eda de la estupa<\/h2>\n<p>La estupa puede ser considerada como la representaci\u00f3n estilizada m\u00e1s antigua de Buda. Mientras que las estatuas encarnan su cuerpo y los textos sagrados su palabra, la estupa simboliza su mente. La forma evoca por s\u00ed misma, desde la base hasta la cima, el camino hacia la liberaci\u00f3n del sufrimiento \u2013 el paso de un estado del ser ordinario a un estado del ser despierto. Damos significados diferentes a los elementos que la componen. Representan sobre todo las m\u00faltiples cualidades de la mente que el Buda ha descrito y que el practicante desarrolla en el camino.<br \/>\nUna estupa no es por tanto solamente un monumento. Es tambi\u00e9n un soporte de pr\u00e1ctica, ya que encierra en s\u00ed misma representaciones del cuerpo (estatuas), de la palabra (mantras y ense\u00f1anzas) y de la mente (mandalas) de Buda. Aunque es en s\u00ed misma una ofrenda, contiene igualmente numerosas sustancias preciosas.<br \/>\nEmblema del budismo en todo el mundo, la estupa es un recordatorio de un estado de la mente serena a cultivar, para favorecer as\u00ed la paz y la armon\u00eda. Tambi\u00e9n es posible dar vueltas alrededor de ella formulando deseos por el bien de todos los seres.<br \/>\n[\/et_pb_text][\/et_pb_column][et_pb_column type=\u00bb1_3&#8243; _builder_version=\u00bb4.16&#8243; custom_padding=\u00bb|||\u00bb global_colors_info=\u00bb{}\u00bb custom_padding__hover=\u00bb|||\u00bb][et_pb_image src=\u00bbhttps:\/\/stoupa.dhagpo.org\/wp-content\/uploads\/2016\/04\/proportions_stoupa_bouddha-1.jpg\u00bb align_tablet=\u00bbcenter\u00bb align_phone=\u00bb\u00bb align_last_edited=\u00bbon|desktop\u00bb admin_label=\u00bbImage\u00bb _builder_version=\u00bb4.16&#8243; custom_margin=\u00bb60px|||\u00bb custom_margin_tablet=\u00bb0px|||\u00bb custom_margin_phone=\u00bb\u00bb custom_margin_last_edited=\u00bbon|desktop\u00bb use_border_color=\u00bboff\u00bb border_color=\u00bb#ffffff\u00bb border_style=\u00bbsolid\u00bb animation=\u00bboff\u00bb sticky=\u00bboff\u00bb global_colors_info=\u00bb{}\u00bb][\/et_pb_image][\/et_pb_column][\/et_pb_row][et_pb_row _builder_version=\u00bb4.17.6&#8243; _module_preset=\u00bbdefault\u00bb custom_padding=\u00bb||12px|||\u00bb][et_pb_column _builder_version=\u00bb4.17.6&#8243; _module_preset=\u00bbdefault\u00bb type=\u00bb4_4&#8243;][et_pb_divider _builder_version=\u00bb4.17.6&#8243; _module_preset=\u00bbdefault\u00bb divider_style=\u00bbdotted\u00bb hover_enabled=\u00bb0&#8243; sticky_enabled=\u00bb0&#8243;][\/et_pb_divider][\/et_pb_column][\/et_pb_row][et_pb_row _builder_version=\u00bb4.17.6&#8243; _module_preset=\u00bbdefault\u00bb column_structure=\u00bb1_4,3_4&#8243; locked=\u00bboff\u00bb][et_pb_column _builder_version=\u00bb4.17.6&#8243; _module_preset=\u00bbdefault\u00bb type=\u00bb1_4&#8243;][et_pb_image src=\u00bbhttps:\/\/stoupa.dhagpo.org\/wp-content\/uploads\/2020\/10\/thumb_8stoupas-article.jpg\u00bb _builder_version=\u00bb4.17.6&#8243; _module_preset=\u00bbdefault\u00bb alt=\u00bbLes huit stoupas : huit \u00e9tapes de la vie du bouddha Shakyamuni\u00bb title_text=\u00bbLes huit stoupas : huit \u00e9tapes de la vie du bouddha Shakyamuni\u00bb hover_enabled=\u00bb0&#8243; sticky_enabled=\u00bb0&#8243; url=\u00bbhttps:\/\/stoupa.dhagpo.org\/es\/ocho-estupas-ocho-etapas-vida-buda-shakyamuni\/\u00bb][\/et_pb_image][\/et_pb_column][et_pb_column _builder_version=\u00bb4.17.6&#8243; _module_preset=\u00bbdefault\u00bb type=\u00bb3_4&#8243;][et_pb_text _builder_version=\u00bb4.17.6&#8243; _module_preset=\u00bbdefault\u00bb hover_enabled=\u00bb0&#8243; sticky_enabled=\u00bb0&#8243;]<\/p>\n<h3 class=\"titresdkl\">Las ocho estupas: ocho etapas de la vida del buda Shakyamuni<\/h3>\n<p>En el Astamahasthanacaitya\u2013stotras el eminente maestro indio Nagaryuna asocia las ocho estupas a los cuatro lugares de peregrinaje principales: el nacimiento de Buda en Lumbini, su despertar en Bodh Gaya, su primera ense\u00f1anza en Benar\u00e9s y su muerte en Kushinagar, as\u00ed como sus cuatro acciones prodigiosas; la demostraci\u00f3n de milagros, el regreso de los destinos divinos, la reconciliaci\u00f3n de la comunidad dividida, la victoria completa.<\/p>\n<p><a href=\"https:\/\/stoupa.dhagpo.org\/es\/ocho-estupas-ocho-etapas-vida-buda-shakyamuni\/\" title=\"Las ocho estupas: ocho etapas de la vida del buda Shakyamuni\">\u2192 Examinemos un poco m\u00e1s de cerca cada una de estas ocho estupas.<\/a><\/p>\n<p>[\/et_pb_text][\/et_pb_column][\/et_pb_row][\/et_pb_section][et_pb_section fb_built=\u00bb1&#8243; inner_shadow=\u00bbon\u00bb custom_padding_last_edited=\u00bbon|desktop\u00bb admin_label=\u00bbSection\u00bb module_id=\u00bbgrdtxt\u00bb _builder_version=\u00bb4.16&#8243; background_color=\u00bb#ffffff\u00bb custom_padding_tablet=\u00bb50px|0|50px|0&#8243; custom_padding_phone=\u00bb\u00bb transparent_background=\u00bboff\u00bb padding_mobile=\u00bboff\u00bb global_colors_info=\u00bb{}\u00bb][et_pb_row padding_mobile=\u00bboff\u00bb column_padding_mobile=\u00bbon\u00bb admin_label=\u00bbLigne\u00bb module_class=\u00bbgrdtxt\u00bb _builder_version=\u00bb4.16&#8243; background_size=\u00bbinitial\u00bb background_position=\u00bbtop_left\u00bb background_repeat=\u00bbrepeat\u00bb global_colors_info=\u00bb{}\u00bb][et_pb_column type=\u00bb4_4&#8243; _builder_version=\u00bb4.16&#8243; custom_padding=\u00bb|||\u00bb global_colors_info=\u00bb{}\u00bb custom_padding__hover=\u00bb|||\u00bb][et_pb_text admin_label=\u00bbLos beneficios generados por la construcci\u00f3n de una estupa\u00bb _builder_version=\u00bb4.16&#8243; background_size=\u00bbinitial\u00bb background_position=\u00bbtop_left\u00bb background_repeat=\u00bbrepeat\u00bb use_border_color=\u00bboff\u00bb border_color=\u00bb#ffffff\u00bb border_style=\u00bbsolid\u00bb global_colors_info=\u00bb{}\u00bb]<\/p>\n<h2 class=\"titresdkl\">Los beneficios generados por la construcci\u00f3n de una estupa<\/h2>\n<p>\u00a1Los beneficios son muchos! El buda ha descrito los beneficios que se desprenden de la construcci\u00f3n de una estupa, pero tambi\u00e9n del hecho de hacer ofrendas, prosternaciones y circunvalaciones formulando deseos por el bien de todos los seres. Estos beneficios son variados y m\u00faltiples: concierne los aspectos relativos de la existencia (condiciones agradables o favorables por ejemplo) y otras, m\u00e1s \u00faltimas, en relaci\u00f3n con la pr\u00e1ctica del Dharma y de la liberaci\u00f3n del sufrimiento.<br \/>Construir un soporte de pr\u00e1ctica que atravesar\u00e1 \u00e9pocas y ser\u00e1 utilizado por miles de personas con una intenci\u00f3n ben\u00e9fica participa en \u201cincrementar todo aquello que sea ben\u00e9fico en el mundo\u201d, como lo dec\u00eda Gendun Rimpoch\u00e9, sea cual sea el tama\u00f1o de la estupa.<\/p>\n<p>[\/et_pb_text][\/et_pb_column][\/et_pb_row][\/et_pb_section]<\/p>\n","protected":false},"excerpt":{"rendered":"<p>&nbsp; Un poco de historia&#8230; Una estupa es un monumento relicario espec\u00edfico del budismo. Inspirado en los t\u00famulos funerarios de la India antigua, su funci\u00f3n principal es la de acoger las reliquias de grandes maestros o de personas consagradas a la religi\u00f3n. Esta tradici\u00f3n se remonta a los tiempos del Buda Sakyamuni. Fue \u00e9l mismo [&hellip;]<\/p>\n","protected":false},"author":1,"featured_media":0,"parent":0,"menu_order":0,"comment_status":"closed","ping_status":"closed","template":"","meta":{"_et_pb_use_builder":"on","_et_pb_old_content":null,"_et_gb_content_width":"","ngg_post_thumbnail":0,"footnotes":""},"class_list":["post-890","page","type-page","status-publish","hentry"],"_links":{"self":[{"href":"https:\/\/stoupa.dhagpo.org\/es\/wp-json\/wp\/v2\/pages\/890","targetHints":{"allow":["GET"]}}],"collection":[{"href":"https:\/\/stoupa.dhagpo.org\/es\/wp-json\/wp\/v2\/pages"}],"about":[{"href":"https:\/\/stoupa.dhagpo.org\/es\/wp-json\/wp\/v2\/types\/page"}],"author":[{"embeddable":true,"href":"https:\/\/stoupa.dhagpo.org\/es\/wp-json\/wp\/v2\/users\/1"}],"replies":[{"embeddable":true,"href":"https:\/\/stoupa.dhagpo.org\/es\/wp-json\/wp\/v2\/comments?post=890"}],"version-history":[{"count":9,"href":"https:\/\/stoupa.dhagpo.org\/es\/wp-json\/wp\/v2\/pages\/890\/revisions"}],"predecessor-version":[{"id":7763,"href":"https:\/\/stoupa.dhagpo.org\/es\/wp-json\/wp\/v2\/pages\/890\/revisions\/7763"}],"wp:attachment":[{"href":"https:\/\/stoupa.dhagpo.org\/es\/wp-json\/wp\/v2\/media?parent=890"}],"curies":[{"name":"wp","href":"https:\/\/api.w.org\/{rel}","templated":true}]}}