{"id":5642,"date":"2018-08-17T17:45:29","date_gmt":"2018-08-17T16:45:29","guid":{"rendered":"https:\/\/stoupa.dhagpo.org\/?page_id=5642"},"modified":"2020-07-03T15:40:50","modified_gmt":"2020-07-03T14:40:50","slug":"un-jardin-para-meditar","status":"publish","type":"page","link":"https:\/\/stoupa.dhagpo.org\/es\/un-jardin-para-meditar\/","title":{"rendered":"Un jardin para meditar"},"content":{"rendered":"<p>[et_pb_section fb_built=\u00bb1&#8243; fullwidth=\u00bbon\u00bb custom_padding_last_edited=\u00bbon|desktop\u00bb admin_label=\u00bbsection\u00bb _builder_version=\u00bb3.22&#8243; background_color=\u00bb#ffffff\u00bb custom_padding_tablet=\u00bb50px|0|50px|0&#8243; custom_padding_phone=\u00bb\u00bb custom_css_after=\u00bbmargin:0px;\u00bb transparent_background=\u00bboff\u00bb padding_mobile=\u00bboff\u00bb][et_pb_fullwidth_header title=\u00bbUn jard\u00edn para meditar\u00bb subhead=\u00bbLa calma en el coraz\u00f3n del cambio\u00bb text_orientation=\u00bbright\u00bb admin_label=\u00bbEn-t\u00eate plein \u00e9cran\u00bb _builder_version=\u00bb4.4.9&#8243; title_font_size=\u00bb40px\u00bb subhead_font_size=\u00bb26px\u00bb background_color=\u00bbrgba(255, 255, 255, 0)\u00bb background_image=\u00bbhttps:\/\/stoupa.dhagpo.org\/wp-content\/uploads\/2018\/07\/mise_en_situation_8_stoupas-2018-2.jpg\u00bb max_width_tablet=\u00bb50px\u00bb custom_css_header_container=\u00bbheight:270px;\u00bb custom_css_title=\u00bb text-shadow: 0 1px 3px rgba(0, 0, 0, 1) !important;||\u00bb custom_css_subtitle=\u00bb text-shadow: 0 1px 3px rgba(0, 0, 0, 1) !important;\u00bb background_url=\u00bbhttps:\/\/stoupa.dhagpo.org\/wp-content\/uploads\/2018\/07\/mise_en_situation_8_stoupas-2018-2.jpg\u00bb button_one_letter_spacing_hover=\u00bb0&#8243; button_two_letter_spacing_hover=\u00bb0&#8243; button_one_text_size__hover_enabled=\u00bboff\u00bb button_two_text_size__hover_enabled=\u00bboff\u00bb button_one_text_color__hover_enabled=\u00bboff\u00bb button_two_text_color__hover_enabled=\u00bboff\u00bb button_one_border_width__hover_enabled=\u00bboff\u00bb button_two_border_width__hover_enabled=\u00bboff\u00bb button_one_border_color__hover_enabled=\u00bboff\u00bb button_two_border_color__hover_enabled=\u00bboff\u00bb button_one_border_radius__hover_enabled=\u00bboff\u00bb button_two_border_radius__hover_enabled=\u00bboff\u00bb button_one_letter_spacing__hover_enabled=\u00bbon\u00bb button_one_letter_spacing__hover=\u00bb0&#8243; button_two_letter_spacing__hover_enabled=\u00bbon\u00bb button_two_letter_spacing__hover=\u00bb0&#8243; button_one_bg_color__hover_enabled=\u00bboff\u00bb button_two_bg_color__hover_enabled=\u00bboff\u00bb][\/et_pb_fullwidth_header][\/et_pb_section][et_pb_section fb_built=\u00bb1&#8243; inner_shadow=\u00bbon\u00bb custom_padding_last_edited=\u00bbon|desktop\u00bb admin_label=\u00bbsection\u00bb module_id=\u00bbgrdtxt\u00bb _builder_version=\u00bb3.22&#8243; background_color=\u00bb#ffffff\u00bb custom_padding_tablet=\u00bb50px|0|50px|0&#8243; custom_padding_phone=\u00bb\u00bb transparent_background=\u00bboff\u00bb padding_mobile=\u00bboff\u00bb][et_pb_row padding_mobile=\u00bboff\u00bb column_padding_mobile=\u00bbon\u00bb admin_label=\u00bbrow\u00bb module_class=\u00bbgrdtxt\u00bb _builder_version=\u00bb3.25&#8243; background_size=\u00bbinitial\u00bb background_position=\u00bbtop_left\u00bb background_repeat=\u00bbrepeat\u00bb][et_pb_column type=\u00bb4_4&#8243; _builder_version=\u00bb3.25&#8243; custom_padding=\u00bb|||\u00bb custom_padding__hover=\u00bb|||\u00bb][et_pb_text admin_label=\u00bbLes 8 stoupas\u00bb _builder_version=\u00bb4.4.9&#8243; background_size=\u00bbinitial\u00bb background_position=\u00bbtop_left\u00bb background_repeat=\u00bbrepeat\u00bb use_border_color=\u00bboff\u00bb border_style=\u00bbsolid\u00bb]<\/p>\n<p>El jard\u00edn para meditar es el proyecto de modificaci\u00f3n del espacio natural que se encuentra detr\u00e1s del instituto. Este espacio ofrecer\u00e1 un lugar tranquilo en el exterior propicio a la pr\u00e1ctica meditativa.<br \/> Adem\u00e1s de la gran estupa de Shamar Rimpoch\u00e9, actualmente terminada, el jard\u00edn acoger\u00e1 diversos espacios: las ocho estupas, un gran molino de oraciones y un camino de circunvalaci\u00f3n conectando todas las estupas de Dhagpo.<\/p>\n<h2 class=\"titresdkl\">Las ocho estupas<\/h2>\n<p>En la tradici\u00f3n del budismo tibetano, existen ocho formas espec\u00edficas que conmemoran los grandes momentos de la vida del Buda Sakyamuni. Encontramos una forma diferente de estupa para cada acontecimiento que marc\u00f3 la vida de Buda, desde su nacimiento hasta su muerte, pasando por su despertar. El n\u00famero de elementos o la manera de unirlos var\u00eda de un tipo a otro. La nueva estupa de Dhagpo Kagyu Ling tendr\u00e1 la forma dedicada a la conmemoraci\u00f3n de su regreso de los mundos divinos de Tushita. En cuanto a la estupa existente, recuerda el despertar de Buda.<\/p>\n<p>[\/et_pb_text][\/et_pb_column][\/et_pb_row][\/et_pb_section][et_pb_section fb_built=\u00bb1&#8243; fullwidth=\u00bbon\u00bb custom_padding_last_edited=\u00bbon|desktop\u00bb admin_label=\u00bbsection\u00bb _builder_version=\u00bb3.22&#8243; background_color=\u00bb#ffffff\u00bb custom_padding_tablet=\u00bb50px|0|50px|0&#8243; custom_padding_phone=\u00bb\u00bb transparent_background=\u00bboff\u00bb padding_mobile=\u00bboff\u00bb][et_pb_fullwidth_image src=\u00bbhttps:\/\/stoupa.dhagpo.org\/wp-content\/uploads\/2018\/07\/8_stupas_2018-2.png\u00bb admin_label=\u00bbImage en pleine largeur &#8211; 8 stoupas\u00bb _builder_version=\u00bb3.0.87&#8243; use_border_color=\u00bboff\u00bb border_color=\u00bb#ffffff\u00bb border_width=\u00bb1px\u00bb border_style=\u00bbsolid\u00bb animation=\u00bboff\u00bb][\/et_pb_fullwidth_image][\/et_pb_section][et_pb_section fb_built=\u00bb1&#8243; inner_shadow=\u00bbon\u00bb custom_padding_last_edited=\u00bbon|desktop\u00bb admin_label=\u00bbsection\u00bb _builder_version=\u00bb3.22&#8243; custom_padding_tablet=\u00bb50px|0|50px|0&#8243; custom_padding_phone=\u00bb\u00bb transparent_background=\u00bboff\u00bb padding_mobile=\u00bboff\u00bb][et_pb_row padding_mobile=\u00bboff\u00bb column_padding_mobile=\u00bbon\u00bb admin_label=\u00bbrow\u00bb module_class=\u00bbgrdtxt\u00bb _builder_version=\u00bb3.25&#8243; background_color=\u00bb#ffffff\u00bb background_size=\u00bbinitial\u00bb background_position=\u00bbtop_left\u00bb background_repeat=\u00bbrepeat\u00bb][et_pb_column type=\u00bb4_4&#8243; _builder_version=\u00bb3.25&#8243; custom_padding=\u00bb|||\u00bb custom_padding__hover=\u00bb|||\u00bb][et_pb_text admin_label=\u00bbLes 8 stoupas : suite\u00bb _builder_version=\u00bb3.27.4&#8243; background_size=\u00bbinitial\u00bb background_position=\u00bbtop_left\u00bb background_repeat=\u00bbrepeat\u00bb use_border_color=\u00bboff\u00bb border_style=\u00bbsolid\u00bb]La c\u00e9l\u00e9bration de ces huit \u00e9v\u00e9nements de la vie du Bouddha historique est associ\u00e9e \u00e0 huit sites qui sont aujourd&#8217;hui devenus des lieux de p\u00e8lerinage, principalement localis\u00e9s dans la plaine indo-gang\u00e9tique indienne (\u00e0 l&#8217;exception de Lumbini qui est au N\u00e9pal).<\/p>\n<ol>\n<li>La estupa de la flor de loto celebra el nacimiento de Buda en el parque de <strong>Lumbini<\/strong>.<\/li>\n<li>La estupa de la conquista de Mara o de la iluminaci\u00f3n, conmemora su despertar en <strong>Bodhgaya<\/strong>.<\/li>\n<li>La estupa de la puesta en movimiento de la rueda del Dharma recuerda su primera ense\u00f1anza tras el despertar, en el parque de las gacelas, en <strong>Sarnath<\/strong>.<\/li>\n<li>La estupa de la vuelta de los mundos divinos, celebra su regreso entre los seres humanos en el monte de <strong>Sankashya<\/strong>, tras una estancia en los destinos supremos a donde fue el Buda a dar ense\u00f1anzas a su madre.<\/li>\n<li>La estupa de la reconciliaci\u00f3n llamada el fin del cisma en <strong>Rajgir<\/strong>.<\/li>\n<li>La estupa de los milagros conmemora la manera en la que el Buda vence en <strong>Shravasti<\/strong>, a los maestros de filosof\u00edas err\u00f3neas.<\/li>\n<li>La estupa de la completa victoria celebra la victoria a la muerte en <strong>Vaishali<\/strong>.<\/li>\n<li>La estupa del paranirvana recuerda su muerte en <strong>Koushinagar<\/strong>.<\/li>\n<\/ol>\n<p>Las ocho estupas est\u00e1n hechas en cobre dorado a la hoja de oro, seg\u00fan la tradici\u00f3n. Est\u00e1n fabricadas por G\u00e9rard Guinot, un artesano simpatizante de Dhagpo que ya ha realizado las estatuas del Instituto y del peque\u00f1o templo. Con una altura alrededor de 1m70, las estupas se colocar\u00e1n de dos en dos sobre bloques de granito. Una tejavana les proteger\u00e1 de las intemperies.<br \/>\n[\/et_pb_text][\/et_pb_column][\/et_pb_row][\/et_pb_section][et_pb_section fb_built=\u00bb1&#8243; custom_padding_last_edited=\u00bbon|desktop\u00bb admin_label=\u00bbsection\u00bb _builder_version=\u00bb3.22&#8243; custom_padding=\u00bb||27px|||\u00bb custom_padding_tablet=\u00bb50px|0|50px|0&#8243; custom_padding_phone=\u00bb\u00bb transparent_background=\u00bboff\u00bb padding_mobile=\u00bboff\u00bb][et_pb_row column_structure=\u00bb1_2,1_2&#8243; padding_mobile=\u00bboff\u00bb column_padding_mobile=\u00bbon\u00bb admin_label=\u00bbrow\u00bb _builder_version=\u00bb3.25&#8243; background_size=\u00bbinitial\u00bb background_position=\u00bbtop_left\u00bb background_repeat=\u00bbrepeat\u00bb][et_pb_column type=\u00bb1_2&#8243; _builder_version=\u00bb3.25&#8243; custom_padding=\u00bb|||\u00bb custom_padding__hover=\u00bb|||\u00bb][et_pb_text admin_label=\u00bbTexte\u00bb _builder_version=\u00bb3.27.4&#8243; background_size=\u00bbinitial\u00bb background_position=\u00bbtop_left\u00bb background_repeat=\u00bbrepeat\u00bb use_border_color=\u00bboff\u00bb border_style=\u00bbsolid\u00bb]<img loading=\"lazy\" decoding=\"async\" class=\"wp-image-4868 aligncenter\" src=\"https:\/\/stoupa.dhagpo.org\/wp-content\/uploads\/2018\/07\/Maquette-Mani-Korlo_960.jpg\" alt=\"Maquette-Mani-Korlo_960\" width=\"444\" height=\"363\" srcset=\"https:\/\/stoupa.dhagpo.org\/wp-content\/uploads\/2018\/07\/Maquette-Mani-Korlo_960.jpg 960w, https:\/\/stoupa.dhagpo.org\/wp-content\/uploads\/2018\/07\/Maquette-Mani-Korlo_960-300x245.jpg 300w, https:\/\/stoupa.dhagpo.org\/wp-content\/uploads\/2018\/07\/Maquette-Mani-Korlo_960-768x627.jpg 768w\" sizes=\"auto, (max-width: 444px) 100vw, 444px\" \/><br \/>\n[\/et_pb_text][\/et_pb_column][et_pb_column type=\u00bb1_2&#8243; _builder_version=\u00bb3.25&#8243; custom_padding=\u00bb|||\u00bb custom_padding__hover=\u00bb|||\u00bb][et_pb_text admin_label=\u00bbTexte\u00bb _builder_version=\u00bb3.27.4&#8243; background_size=\u00bbinitial\u00bb background_position=\u00bbtop_left\u00bb background_repeat=\u00bbrepeat\u00bb use_border_color=\u00bboff\u00bb border_style=\u00bbsolid\u00bb]<\/p>\n<h2 class=\"titresdkl\">El molino de oraciones<\/h2>\n<p>En un pabell\u00f3n abierto con vistas a las ocho estupas y a la estupa de Shamar Rimpoch\u00e9, habr\u00e1 un molino manual de oraciones, grabado con el mantra de kalachakra. Existir\u00e1 la posibilidad de sentarse a meditar, de hacer girar el molino o de recogerse cerca de la antigua casa de lama Purtse-la.<br \/>\n[\/et_pb_text][\/et_pb_column][\/et_pb_row][\/et_pb_section][et_pb_section fb_built=\u00bb1&#8243; inner_shadow=\u00bbon\u00bb custom_padding_last_edited=\u00bbon|desktop\u00bb admin_label=\u00bbsection\u00bb module_id=\u00bbgrdtxt\u00bb _builder_version=\u00bb3.22&#8243; background_color=\u00bb#ffffff\u00bb custom_padding=\u00bb29px||33px|||\u00bb custom_padding_tablet=\u00bb50px|0|50px|0&#8243; custom_padding_phone=\u00bb\u00bb transparent_background=\u00bboff\u00bb padding_mobile=\u00bboff\u00bb][et_pb_row padding_mobile=\u00bboff\u00bb column_padding_mobile=\u00bbon\u00bb admin_label=\u00bbrow\u00bb module_class=\u00bbgrdtxt\u00bb _builder_version=\u00bb3.25&#8243; background_size=\u00bbinitial\u00bb background_position=\u00bbtop_left\u00bb background_repeat=\u00bbrepeat\u00bb][et_pb_column type=\u00bb4_4&#8243; _builder_version=\u00bb3.25&#8243; custom_padding=\u00bb|||\u00bb custom_padding__hover=\u00bb|||\u00bb][et_pb_text admin_label=\u00bbLe chemin de circumambulation\u00bb _builder_version=\u00bb3.27.4&#8243; background_size=\u00bbinitial\u00bb background_position=\u00bbtop_left\u00bb background_repeat=\u00bbrepeat\u00bb use_border_color=\u00bboff\u00bb border_style=\u00bbsolid\u00bb]<\/p>\n<h2 class=\"titresdkl\">El camino de circunvalaci\u00f3n<\/h2>\n<p>Un camino va a unir todas las estupas de Dhagpo. Partiendo de la estupa de la iluminaci\u00f3n delante del Instituto que se unir\u00e1 a la estupa de Shamar Rimpoch\u00e9 y las ocho estupas; despu\u00e9s pasar\u00e1 por el pabell\u00f3n del molino a oraciones y atravesar\u00e1 las banderas de oraciones para volver a la explanada del Instituto.<br \/>\n[\/et_pb_text][\/et_pb_column][\/et_pb_row][\/et_pb_section][et_pb_section fb_built=\u00bb1&#8243; fullwidth=\u00bbon\u00bb custom_padding_last_edited=\u00bbon|desktop\u00bb admin_label=\u00bbsection\u00bb _builder_version=\u00bb3.22&#8243; background_color=\u00bb#f2f2f2&#8243; custom_padding_tablet=\u00bb50px|0|50px|0&#8243; custom_padding_phone=\u00bb11px|0|26px|0||\u00bb transparent_background=\u00bboff\u00bb padding_mobile=\u00bboff\u00bb make_fullwidth=\u00bboff\u00bb use_custom_width=\u00bboff\u00bb width_unit=\u00bbon\u00bb custom_width_px=\u00bb1080px\u00bb custom_width_percent=\u00bb80%\u00bb locked=\u00bboff\u00bb][et_pb_fullwidth_header content_max_width=\u00bbnone\u00bb admin_label=\u00bbCarnet de chantier (picto stoupa)\u00bb _builder_version=\u00bb4.4.8&#8243; content_font_size=\u00bb14px\u00bb background_color=\u00bbrgba(255, 255, 255, 0)\u00bb background_layout=\u00bblight\u00bb custom_padding=\u00bb22px||10px|||\u00bb button_one_letter_spacing_hover=\u00bb0&#8243; button_two_letter_spacing_hover=\u00bb0&#8243; button_one_text_size__hover_enabled=\u00bboff\u00bb button_two_text_size__hover_enabled=\u00bboff\u00bb button_one_text_color__hover_enabled=\u00bboff\u00bb button_two_text_color__hover_enabled=\u00bboff\u00bb button_one_border_width__hover_enabled=\u00bboff\u00bb button_two_border_width__hover_enabled=\u00bboff\u00bb button_one_border_color__hover_enabled=\u00bboff\u00bb button_two_border_color__hover_enabled=\u00bboff\u00bb button_one_border_radius__hover_enabled=\u00bboff\u00bb button_two_border_radius__hover_enabled=\u00bboff\u00bb button_one_letter_spacing__hover_enabled=\u00bbon\u00bb button_one_letter_spacing__hover=\u00bb0&#8243; button_two_letter_spacing__hover_enabled=\u00bbon\u00bb button_two_letter_spacing__hover=\u00bb0&#8243; button_one_bg_color__hover_enabled=\u00bboff\u00bb button_two_bg_color__hover_enabled=\u00bboff\u00bb]<\/p>\n<h1><img loading=\"lazy\" decoding=\"async\" class=\"wp-image-782 alignnone\" src=\"https:\/\/stoupa.dhagpo.org\/wp-content\/uploads\/2018\/07\/frisette_2-blog.png\" alt=\"icone Stoupa\" width=\"30\" height=\"51\" \/>\u00a0 Hoja de ruta<\/h1>\n<h4>Seguimiento del progreso del proyecto<\/h4>\n<p>[\/et_pb_fullwidth_header][\/et_pb_section][et_pb_section fb_built=\u00bb1&#8243; _builder_version=\u00bb4.4.9&#8243; custom_padding=\u00bb38px|||||\u00bb][et_pb_row _builder_version=\u00bb4.4.9&#8243;][et_pb_column type=\u00bb4_4&#8243; _builder_version=\u00bb4.4.9&#8243;][et_pb_blog_extras blog_layout=\u00bbblock_extended\u00bb posts_number=\u00bb3&#8243; include_categories=\u00bb41,34,40&#8243; show_author=\u00bboff\u00bb show_categories=\u00bboff\u00bb show_comments=\u00bboff\u00bb show_load_more=\u00bbon\u00bb pagination_type=\u00bboff\u00bb next_text=\u00bbSuivant\u00bb prev_text=\u00bbPr\u00e9c\u00e9dent\u00bb _builder_version=\u00bb4.4.9&#8243; body_font_size=\u00bb14px\u00bb body_line_height=\u00bb1.1em\u00bb hover_enabled=\u00bb0&#8243;][\/et_pb_blog_extras][\/et_pb_column][\/et_pb_row][\/et_pb_section]<\/p>\n","protected":false},"excerpt":{"rendered":"<p>El jard\u00edn para meditar es el proyecto de modificaci\u00f3n del espacio natural que se encuentra detr\u00e1s del instituto. Este espacio ofrecer\u00e1 un lugar tranquilo en el exterior propicio a la pr\u00e1ctica meditativa. Adem\u00e1s de la gran estupa de Shamar Rimpoch\u00e9, actualmente terminada, el jard\u00edn acoger\u00e1 diversos espacios: las ocho estupas, un gran molino de oraciones [&hellip;]<\/p>\n","protected":false},"author":1,"featured_media":0,"parent":0,"menu_order":0,"comment_status":"closed","ping_status":"closed","template":"","meta":{"_et_pb_use_builder":"on","_et_pb_old_content":"","_et_gb_content_width":"","ngg_post_thumbnail":0,"footnotes":""},"class_list":["post-5642","page","type-page","status-publish","hentry"],"_links":{"self":[{"href":"https:\/\/stoupa.dhagpo.org\/es\/wp-json\/wp\/v2\/pages\/5642","targetHints":{"allow":["GET"]}}],"collection":[{"href":"https:\/\/stoupa.dhagpo.org\/es\/wp-json\/wp\/v2\/pages"}],"about":[{"href":"https:\/\/stoupa.dhagpo.org\/es\/wp-json\/wp\/v2\/types\/page"}],"author":[{"embeddable":true,"href":"https:\/\/stoupa.dhagpo.org\/es\/wp-json\/wp\/v2\/users\/1"}],"replies":[{"embeddable":true,"href":"https:\/\/stoupa.dhagpo.org\/es\/wp-json\/wp\/v2\/comments?post=5642"}],"version-history":[{"count":7,"href":"https:\/\/stoupa.dhagpo.org\/es\/wp-json\/wp\/v2\/pages\/5642\/revisions"}],"predecessor-version":[{"id":6681,"href":"https:\/\/stoupa.dhagpo.org\/es\/wp-json\/wp\/v2\/pages\/5642\/revisions\/6681"}],"wp:attachment":[{"href":"https:\/\/stoupa.dhagpo.org\/es\/wp-json\/wp\/v2\/media?parent=5642"}],"curies":[{"name":"wp","href":"https:\/\/api.w.org\/{rel}","templated":true}]}}