{"id":5630,"date":"2018-08-17T17:25:39","date_gmt":"2018-08-17T16:25:39","guid":{"rendered":"https:\/\/stoupa.dhagpo.org\/?page_id=5630"},"modified":"2018-12-02T11:23:14","modified_gmt":"2018-12-02T10:23:14","slug":"presencia-de-shamarpa-en-dhagpo","status":"publish","type":"page","link":"https:\/\/stoupa.dhagpo.org\/es\/presencia-de-shamarpa-en-dhagpo\/","title":{"rendered":"La presencia de Shamarpa en Dhagpo"},"content":{"rendered":"<p>[et_pb_section admin_label=\u00bbsection\u00bb fb_built=\u00bb1&#8243; fullwidth=\u00bbon\u00bb custom_padding_last_edited=\u00bbon|desktop\u00bb _builder_version=\u00bb3.9&#8243; background_color=\u00bb#ffffff\u00bb custom_padding_tablet=\u00bb50px|0|50px|0&#8243; custom_css_after=\u00bbmargin:0px;\u00bb][et_pb_fullwidth_header admin_label=\u00bbEn-t\u00eate plein \u00e9cran\u00bb title=\u00bbLa estupa relicario\u00bb subhead=\u00bbLa presencia de Shamarpa en Dhagpo\u00bb text_orientation=\u00bbright\u00bb _builder_version=\u00bb3.9&#8243; title_font_size=\u00bb40px\u00bb subhead_font_size=\u00bb26px\u00bb background_color=\u00bbrgba(255, 255, 255, 0)\u00bb background_image=\u00bbhttps:\/\/stoupa.dhagpo.org\/wp-content\/uploads\/2018\/07\/bandeau_stoupa_shamarpa-2018.jpg\u00bb max_width_tablet=\u00bb50px\u00bb custom_css_header_container=\u00bbheight:270px;\u00bb custom_css_title=\u00bb text-shadow: 0 1px 3px rgba(0, 0, 0, 1) !important;||\u00bb custom_css_subtitle=\u00bb text-shadow: 0 1px 3px rgba(0, 0, 0, 1) !important;\u00bb background_url=\u00bbhttps:\/\/stoupa.dhagpo.org\/wp-content\/uploads\/2018\/07\/bandeau_stoupa_shamarpa-2018.jpg\u00bb background_layout=\u00bbdark\u00bb header_fullscreen=\u00bboff\u00bb header_scroll_down=\u00bboff\u00bb parallax=\u00bboff\u00bb parallax_method=\u00bboff\u00bb content_orientation=\u00bbcenter\u00bb image_orientation=\u00bbcenter\u00bb custom_button_one=\u00bboff\u00bb button_one_letter_spacing=\u00bb0&#8243; button_one_use_icon=\u00bbdefault\u00bb button_one_icon_placement=\u00bbright\u00bb button_one_on_hover=\u00bbon\u00bb button_one_letter_spacing_hover=\u00bb0&#8243; custom_button_two=\u00bboff\u00bb button_two_letter_spacing=\u00bb0&#8243; button_two_use_icon=\u00bbdefault\u00bb button_two_icon_placement=\u00bbright\u00bb button_two_on_hover=\u00bbon\u00bb button_two_letter_spacing_hover=\u00bb0&#8243;]<\/p>\n<p>[\/et_pb_fullwidth_header][\/et_pb_section][et_pb_section admin_label=\u00bbsection\u00bb fb_built=\u00bb1&#8243; inner_shadow=\u00bbon\u00bb custom_padding_last_edited=\u00bbon|desktop\u00bb module_id=\u00bbstoupa\u00bb _builder_version=\u00bb3.0.74&#8243; background_color=\u00bb#ffffff\u00bb custom_padding_tablet=\u00bb50px|0|50px|0&#8243; transparent_background=\u00bboff\u00bb padding_mobile=\u00bboff\u00bb][et_pb_row admin_label=\u00bbrow\u00bb padding_mobile=\u00bboff\u00bb column_padding_mobile=\u00bbon\u00bb parallax_method_1=\u00bboff\u00bb module_class=\u00bbgrdtxt\u00bb _builder_version=\u00bb3.0.47&#8243; background_size=\u00bbinitial\u00bb background_position=\u00bbtop_left\u00bb background_repeat=\u00bbrepeat\u00bb][et_pb_column type=\u00bb4_4&#8243;][et_pb_text admin_label=\u00bbLa pr\u00e9sence de Shamar Rinpoch\u00e9\u00bb _builder_version=\u00bb3.9&#8243; background_size=\u00bbinitial\u00bb background_position=\u00bbtop_left\u00bb background_repeat=\u00bbrepeat\u00bb use_border_color=\u00bboff\u00bb]<\/p>\n<p>&nbsp;<\/p>\n<p><img loading=\"lazy\" decoding=\"async\" class=\"alignright wp-image-5309\" style=\"margin-left: 20px;\" src=\"https:\/\/stoupa.dhagpo.org\/wp-content\/uploads\/2018\/07\/2017_stoupa-shamar-rinpoche-150x150.jpg\" alt=\"Stoupa de Shamar Rinpoch\u00e9\" width=\"277\" height=\"388\" srcset=\"https:\/\/stoupa.dhagpo.org\/wp-content\/uploads\/2018\/07\/2017_stoupa-shamar-rinpoche-214x300.jpg 214w, https:\/\/stoupa.dhagpo.org\/wp-content\/uploads\/2018\/07\/2017_stoupa-shamar-rinpoche.jpg 350w\" sizes=\"auto, (max-width: 277px) 100vw, 277px\" \/><\/p>\n<p>Al igual que las reliquias de Buda que han sido repartidas y protegidas en el interior de diversas estupas, las de Shamar Rimpoch\u00e9 lo ser\u00e1n tambi\u00e9n y la nueva estupa de Dhagpo Kagyu Ling acoger\u00e1 una parte de ellas. Ciertos fragmentos se han dorado y est\u00e1n preservados en&nbsp;<a href=\"https:\/\/www.kibi-edu.org\/\" target=\"_blank\" rel=\"noopener\">KIBI<\/a>(Nueva Delhi) y en la estupa que recientemente se ha inaugurado en su centro&nbsp;<a href=\"https:\/\/www.bodhipath-renchen-ulm.de\/home\/?L=2\" target=\"_blank\" rel=\"noopener\">Bodhi Path de Renchen Ulm<\/a>&nbsp;(Alemania). Otros se albergaran en el centro&nbsp;<a href=\"https:\/\/www.bodhipath.org\/naturalbridge\/\" target=\"_blank\" rel=\"noopener\">Bodhi Path de Natural Bridge<\/a>&nbsp;(Estados Unidos) y en el&nbsp;<a href=\"https:\/\/sharminubnepal.org\/\" target=\"_blank\" rel=\"noopener\">Instituto Shar Minub<\/a>&nbsp;(Nepal)<\/p>\n<p>\u00c0 Dhagpo, le stoupa sera construit \u00e0 l\u2019arri\u00e8re de l\u2019Institut. L\u2019espace am\u00e9nag\u00e9 offrira ainsi un nouveau lieu de pratique et de recueillement.<\/p>\n<p>&nbsp;<\/p>\n<p>[\/et_pb_text][\/et_pb_column][\/et_pb_row][\/et_pb_section][et_pb_section admin_label=\u00bbsection\u00bb fb_built=\u00bb1&#8243; inner_shadow=\u00bbon\u00bb custom_padding_last_edited=\u00bbon|desktop\u00bb module_id=\u00bbgrdtxt\u00bb _builder_version=\u00bb3.0.74&#8243; background_color=\u00bb#ffffff\u00bb custom_padding_tablet=\u00bb50px|0|50px|0&#8243; transparent_background=\u00bboff\u00bb custom_padding=\u00bb54px|0px|0|0px|false|false\u00bb][et_pb_row admin_label=\u00bbrow\u00bb padding_mobile=\u00bboff\u00bb column_padding_mobile=\u00bbon\u00bb parallax_method_1=\u00bboff\u00bb module_class=\u00bbgrdtxt\u00bb _builder_version=\u00bb3.0.47&#8243; background_size=\u00bbinitial\u00bb background_position=\u00bbtop_left\u00bb background_repeat=\u00bbrepeat\u00bb][et_pb_column type=\u00bb4_4&#8243;][et_pb_text admin_label=\u00bbQue sont les reliques ?\u00bb _builder_version=\u00bb3.9&#8243; background_size=\u00bbinitial\u00bb background_position=\u00bbtop_left\u00bb background_repeat=\u00bbrepeat\u00bb use_border_color=\u00bboff\u00bb border_color=\u00bb#ffffff\u00bb border_style=\u00bbsolid\u00bb]<\/p>\n<p>&nbsp;<\/p>\n<h2 class=\"titresdkl\">\u00bfQu\u00e9 son las reliquias?<\/h2>\n<p>Una reliquia es un fragmento de cuerpo (huesos, dientes, etc.) o un objeto que haya pertenecido a un gran maestro o a una persona consagrada a la religi\u00f3n. Seg\u00fan Khempo Ch\u00f6drak Rimpoch\u00e9, el t\u00e9rmino tibetano para \u201creliquia\u201d hace referencia al hecho de que \u201ctiene un gran valor, tan grande que est\u00e1 por encima de cualquier precio\u201d<br \/>\nUna estupa as\u00ed permite unirse a la posibilidad del despertar a trav\u00e9s de la presencia y de la bendici\u00f3n de un ser fuera de lo com\u00fan como Shamar Rimpoch\u00e9.<br \/>\nLas reliquias del cuerpo tienen la ventaja de recordarnos tambi\u00e9n la impermanencia a la que est\u00e1n sujetos todos los seres, tanto ordinarios como realizados.<\/p>\n<p>&nbsp;<\/p>\n<p>[\/et_pb_text][\/et_pb_column][\/et_pb_row][\/et_pb_section][et_pb_section admin_label=\u00bbsection\u00bb fb_built=\u00bb1&#8243; fullwidth=\u00bbon\u00bb custom_padding_last_edited=\u00bbon|desktop\u00bb module_id=\u00bbblog\u00bb _builder_version=\u00bb3.9&#8243; background_color=\u00bb#f2f2f2&#8243; custom_padding_tablet=\u00bb50px|0|50px|0&#8243;][et_pb_fullwidth_header admin_label=\u00bbCarnet de chantier (picto stoupa)\u00bb _builder_version=\u00bb3.9&#8243; background_color=\u00bbrgba(255, 255, 255, 0)\u00bb background_layout=\u00bblight\u00bb]<\/p>\n<p>&nbsp;<\/p>\n<h1><img loading=\"lazy\" decoding=\"async\" class=\"wp-image-782 alignnone\" src=\"https:\/\/stoupa.dhagpo.org\/wp-content\/uploads\/2016\/10\/frisette_2-blog.png\" alt=\"icone Stoupa\" width=\"30\" height=\"51\">&nbsp; Archivos multimedia : blog y cuaderno de obra<\/h1>\n<p>&nbsp;<\/p>\n<p>[\/et_pb_fullwidth_header][\/et_pb_section][et_pb_section admin_label=\u00bbsection\u00bb fb_built=\u00bb1&#8243; _builder_version=\u00bb3.0.47&#8243;][et_pb_row admin_label=\u00bbrow\u00bb _builder_version=\u00bb3.0.47&#8243; background_size=\u00bbinitial\u00bb background_position=\u00bbtop_left\u00bb background_repeat=\u00bbrepeat\u00bb][et_pb_column type=\u00bb3_4&#8243;][et_pb_blog_extras admin_label=\u00bbDivi Blog Extras\u00bb blog_layout=\u00bbfull_width\u00bb posts_number=\u00bb4&#8243; include_categories=\u00bb31,14&#8243; show_more=\u00bboff\u00bb show_author=\u00bboff\u00bb show_comments=\u00bboff\u00bb show_load_more=\u00bbon\u00bb load_more_text=\u00bbVer m\u00e1s art\u00edculos\u00bb show_less_text=\u00bbVer menos art\u00edculos\u00bb _builder_version=\u00bb3.9&#8243; header_line_height=\u00bb1.2&#8243; body_line_height=\u00bb1.1&#8243; meta_line_height=\u00bb1.2&#8243; custom_css_main_element=\u00bbfont-size:80%;\u00bb]<\/p>\n<p>[\/et_pb_blog_extras][\/et_pb_column][et_pb_column type=\u00bb1_4&#8243;][et_pb_text admin_label=\u00bbAper\u00e7us du Carnet de chantier\u00bb _builder_version=\u00bb3.9&#8243; text_font_size=\u00bb9&#8243; text_line_height=\u00bb1.3em\u00bb background_size=\u00bbinitial\u00bb background_position=\u00bbtop_left\u00bb background_repeat=\u00bbrepeat\u00bb use_border_color=\u00bboff\u00bb border_color=\u00bb#ffffff\u00bb border_style=\u00bbsolid\u00bb]<\/p>\n<h3 style=\"text-align: center;\">Aper\u00e7us du<br \/>\ncarnet de chantier<\/h3>\n<p style=\"text-align: center;\"><span style=\"font-size: 10pt;\">(Cliquer pour naviguer vers la galerie)&nbsp;<\/span><\/p>\n<p>[\/et_pb_text][et_pb_text admin_label=\u00bbvignettes carnet chantier\u00bb _builder_version=\u00bb3.9&#8243; text_font_size=\u00bb13&#8243; text_line_height=\u00bb1.4em\u00bb background_size=\u00bbinitial\u00bb background_position=\u00bbtop_left\u00bb background_repeat=\u00bbrepeat\u00bb text_orientation=\u00bbcenter\u00bb use_border_color=\u00bboff\u00bb border_color=\u00bb#ffffff\u00bb border_style=\u00bbsolid\u00bb]<\/p>\n<p><strong>Les travaux d\u2019am\u00e9nagement de l\u2019espace autour du stoupa ont commenc\u00e9 !<\/strong><br \/>\n<a href=\"https:\/\/stoupa.dhagpo.org\/carnet-de-chantier\/#11\"><img loading=\"lazy\" decoding=\"async\" class=\"alignnone wp-image-4897 size-full\" src=\"https:\/\/stoupa.dhagpo.org\/wp-content\/uploads\/2018\/07\/CC11_amenagement-espace-stoupa-4.jpg\" alt=\"CC11_amenagement-espace-stoupa-4\" width=\"135\" height=\"85\"><\/a><br \/>\n# 11 \u2013 F\u00e9vrier 2018<\/p>\n<p><strong>Cons\u00e9cration du stoupa<\/strong><br \/>\n<a href=\"https:\/\/stoupa.dhagpo.org\/carnet-de-chantier\/#10\"><img loading=\"lazy\" decoding=\"async\" class=\"alignnone size-full wp-image-4900\" src=\"https:\/\/stoupa.dhagpo.org\/wp-content\/uploads\/2018\/07\/CC10_weekend-consecration_stoupa-shamarpa_J2-am.jpg\" alt=\"CC10_weekend-consecration_stoupa-shamarpa_J2-am\" width=\"135\" height=\"85\"><\/a><br \/>\n# 10 \u2013 20 Novembre 2016<\/p>\n<p><strong>Insertion de l\u2019arbre de vie<\/strong><br \/>\n<a href=\"https:\/\/stoupa.dhagpo.org\/carnet-de-chantier\/#9\"><img loading=\"lazy\" decoding=\"async\" class=\"alignnone wp-image-4903 size-full\" src=\"https:\/\/stoupa.dhagpo.org\/wp-content\/uploads\/2018\/07\/CC9_stoupa_pose_arbre-de-vie-49-sur-5.jpg\" alt=\"CC9_stoupa_pose_arbre-de-vie-49-sur-5\" width=\"135\" height=\"85\"><\/a><br \/>\n# 9 \u2013 Novembre 2016<\/p>\n<p><strong>Pose du bumpa et rituels des mandalas<\/strong><br \/>\n<a href=\"https:\/\/stoupa.dhagpo.org\/carnet-de-chantier\/#8\"><img loading=\"lazy\" decoding=\"async\" class=\"alignnone wp-image-5042 size-full\" src=\"https:\/\/stoupa.dhagpo.org\/wp-content\/uploads\/2018\/07\/CC8_stoupa_boumpa_puja.jpg\" alt=\"\" width=\"135\" height=\"85\"><\/a><br \/>\n# 8 \u2013 Novembre 2016<\/p>\n<p><strong>Deuxi\u00e8me et troisi\u00e8me \u00e9tages<\/strong><br \/>\n<a href=\"https:\/\/stoupa.dhagpo.org\/carnet-de-chantier\/#7\"><img loading=\"lazy\" decoding=\"async\" class=\"alignnone size-full wp-image-5039\" src=\"https:\/\/stoupa.dhagpo.org\/wp-content\/uploads\/2018\/07\/CC7_etages2et3.jpg\" alt=\"\" width=\"135\" height=\"85\"><\/a><br \/>\n# 7 \u2013 Novembre 2016<\/p>\n<p><strong>Le premier \u00e9tage du stoupa<\/strong><br \/>\n<a href=\"https:\/\/stoupa.dhagpo.org\/carnet-de-chantier\/#6\"><img loading=\"lazy\" decoding=\"async\" class=\"alignnone size-full wp-image-5036\" src=\"https:\/\/stoupa.dhagpo.org\/wp-content\/uploads\/2018\/07\/CC6_etage1stoupa.jpg\" alt=\"\" width=\"135\" height=\"85\"><\/a><br \/>\n# 6 \u2013 Octobre 2016<\/p>\n<p><strong>Assemblage de la base du stoupa<\/strong><br \/>\n<a href=\"https:\/\/stoupa.dhagpo.org\/carnet-de-chantier\/#5\"><img loading=\"lazy\" decoding=\"async\" class=\"alignnone wp-image-5033\" src=\"https:\/\/stoupa.dhagpo.org\/wp-content\/uploads\/2018\/07\/CC5_assemblage-pierres-150x150.jpg\" alt=\"\" width=\"135\" height=\"90\"><\/a><br \/>\n# 5 \u2013 Octobre 2016<\/p>\n<p><strong>L\u2019arriv\u00e9e des pierres<\/strong><br \/>\n<a href=\"https:\/\/stoupa.dhagpo.org\/carnet-de-chantier\/#4\"><img loading=\"lazy\" decoding=\"async\" class=\"alignnone wp-image-5030\" src=\"https:\/\/stoupa.dhagpo.org\/wp-content\/uploads\/2018\/07\/CC4_arrivee-pierres-150x150.jpg\" alt=\"\" width=\"135\" height=\"90\"><\/a><br \/>\n# 4 \u2013 Mercredi 12 octobre 2016<\/p>\n<p><strong>C\u00e9r\u00e9monie de cons\u00e9cration et d\u2019insertion des vases<\/strong><br \/>\n<a href=\"https:\/\/stoupa.dhagpo.org\/carnet-de-chantier\/#2\"><img loading=\"lazy\" decoding=\"async\" class=\"alignnone size-full wp-image-5027\" src=\"https:\/\/stoupa.dhagpo.org\/wp-content\/uploads\/2018\/07\/CC3_consecration-vases.jpg\" alt=\"\" width=\"130\" height=\"85\"><\/a><br \/>\n# 3 \u2013 Septembre 2016<\/p>\n<p><strong>Les fondations<\/strong><br \/>\n<a href=\"https:\/\/stoupa.dhagpo.org\/carnet-de-chantier\/#2\"><img loading=\"lazy\" decoding=\"async\" class=\"alignnone size-full wp-image-5024\" src=\"https:\/\/stoupa.dhagpo.org\/wp-content\/uploads\/2018\/07\/CC2_fondations.jpg\" alt=\"\" width=\"130\" height=\"85\"><\/a><br \/>\n# 2 \u2013 Septembre 2016<\/p>\n<p><strong>Pratique d\u2019offrande et de purification par le feu<\/strong><br \/>\n<a href=\"https:\/\/stoupa.dhagpo.org\/carnet-de-chantier\/#1\"><img loading=\"lazy\" decoding=\"async\" class=\"alignnone wp-image-5021\" src=\"https:\/\/stoupa.dhagpo.org\/wp-content\/uploads\/2018\/07\/CC1_puja-feu-150x150.jpg\" alt=\"\" width=\"135\" height=\"90\"><\/a><br \/>\n# 1 \u2013 Le 28 ao\u00fbt 2016<\/p>\n<p>[\/et_pb_text][\/et_pb_column][\/et_pb_row][\/et_pb_section]<\/p>\n","protected":false},"excerpt":{"rendered":"<p>&nbsp; Al igual que las reliquias de Buda que han sido repartidas y protegidas en el interior de diversas estupas, las de Shamar Rimpoch\u00e9 lo ser\u00e1n tambi\u00e9n y la nueva estupa de Dhagpo Kagyu Ling acoger\u00e1 una parte de ellas. Ciertos fragmentos se han dorado y est\u00e1n preservados en&nbsp;KIBI(Nueva Delhi) y en la estupa que [&hellip;]<\/p>\n","protected":false},"author":1,"featured_media":0,"parent":0,"menu_order":0,"comment_status":"closed","ping_status":"closed","template":"","meta":{"_et_pb_use_builder":"on","_et_pb_old_content":"","_et_gb_content_width":"","ngg_post_thumbnail":0,"footnotes":""},"class_list":["post-5630","page","type-page","status-publish","hentry"],"_links":{"self":[{"href":"https:\/\/stoupa.dhagpo.org\/es\/wp-json\/wp\/v2\/pages\/5630","targetHints":{"allow":["GET"]}}],"collection":[{"href":"https:\/\/stoupa.dhagpo.org\/es\/wp-json\/wp\/v2\/pages"}],"about":[{"href":"https:\/\/stoupa.dhagpo.org\/es\/wp-json\/wp\/v2\/types\/page"}],"author":[{"embeddable":true,"href":"https:\/\/stoupa.dhagpo.org\/es\/wp-json\/wp\/v2\/users\/1"}],"replies":[{"embeddable":true,"href":"https:\/\/stoupa.dhagpo.org\/es\/wp-json\/wp\/v2\/comments?post=5630"}],"version-history":[{"count":8,"href":"https:\/\/stoupa.dhagpo.org\/es\/wp-json\/wp\/v2\/pages\/5630\/revisions"}],"predecessor-version":[{"id":5773,"href":"https:\/\/stoupa.dhagpo.org\/es\/wp-json\/wp\/v2\/pages\/5630\/revisions\/5773"}],"wp:attachment":[{"href":"https:\/\/stoupa.dhagpo.org\/es\/wp-json\/wp\/v2\/media?parent=5630"}],"curies":[{"name":"wp","href":"https:\/\/api.w.org\/{rel}","templated":true}]}}