{"id":1122,"date":"2016-10-04T17:48:40","date_gmt":"2016-10-04T16:48:40","guid":{"rendered":"http:\/\/stoupa.dhagpo.org\/es\/?page_id=1122"},"modified":"2026-04-14T16:12:13","modified_gmt":"2026-04-14T15:12:13","slug":"participar","status":"publish","type":"page","link":"https:\/\/stoupa.dhagpo.org\/es\/participar\/","title":{"rendered":"Participar"},"content":{"rendered":"<p>[et_pb_section fb_built=\u00bb1&#8243; fullwidth=\u00bbon\u00bb custom_padding_last_edited=\u00bbon|desktop\u00bb admin_label=\u00bbSection\u00bb _builder_version=\u00bb4.16&#8243; custom_padding_tablet=\u00bb50px|0|50px|0&#8243; custom_padding_phone=\u00bb\u00bb transparent_background=\u00bboff\u00bb padding_mobile=\u00bboff\u00bb make_fullwidth=\u00bboff\u00bb use_custom_width=\u00bboff\u00bb width_unit=\u00bboff\u00bb custom_width_px=\u00bb1080px\u00bb custom_width_percent=\u00bb80%\u00bb global_colors_info=\u00bb{}\u00bb][et_pb_fullwidth_header title=\u00bbParticipar\u00bb subhead=\u00bbUna manera simple de tomar parte en el proyecto\u00bb text_orientation=\u00bbright\u00bb content_max_width=\u00bbnone\u00bb admin_label=\u00bbEn-t\u00eate plein \u00e9cran\u00bb _builder_version=\u00bb4.16&#8243; title_font_size=\u00bb40px\u00bb content_font_size=\u00bb14px\u00bb subhead_font_size=\u00bb26px\u00bb background_color=\u00bbrgba(255, 255, 255, 0)\u00bb background_image=\u00bbhttps:\/\/stoupa.dhagpo.org\/wp-content\/uploads\/2016\/10\/bandeau_stoupa_dhagpo-1.jpg\u00bb custom_css_header_container=\u00bbheight:270px;\u00bb custom_css_title=\u00bb text-shadow: 0 1px 3px rgba(0, 0, 0, 1) !important;||\u00bb custom_css_subtitle=\u00bb text-shadow: 0 1px 3px rgba(0, 0, 0, 1) !important;\u00bb background_url=\u00bbhttps:\/\/stoupa.dhagpo.org\/wp-content\/uploads\/2016\/10\/bandeau_stoupa_dhagpo-1.jpg\u00bb button_one_letter_spacing_hover=\u00bb0&#8243; button_two_letter_spacing_hover=\u00bb0&#8243; global_colors_info=\u00bb{}\u00bb button_one_text_size__hover_enabled=\u00bboff\u00bb button_two_text_size__hover_enabled=\u00bboff\u00bb button_one_text_color__hover_enabled=\u00bboff\u00bb button_two_text_color__hover_enabled=\u00bboff\u00bb button_one_border_width__hover_enabled=\u00bboff\u00bb button_two_border_width__hover_enabled=\u00bboff\u00bb button_one_border_color__hover_enabled=\u00bboff\u00bb button_two_border_color__hover_enabled=\u00bboff\u00bb button_one_border_radius__hover_enabled=\u00bboff\u00bb button_two_border_radius__hover_enabled=\u00bboff\u00bb button_one_letter_spacing__hover_enabled=\u00bbon\u00bb button_one_letter_spacing__hover=\u00bb0&#8243; button_two_letter_spacing__hover_enabled=\u00bbon\u00bb button_two_letter_spacing__hover=\u00bb0&#8243; button_one_bg_color__hover_enabled=\u00bboff\u00bb button_two_bg_color__hover_enabled=\u00bboff\u00bb] [\/et_pb_fullwidth_header][\/et_pb_section][et_pb_section fb_built=\u00bb1&#8243; custom_padding_last_edited=\u00bbon|desktop\u00bb admin_label=\u00bbSection\u00bb _builder_version=\u00bb4.16&#8243; custom_padding=\u00bb54px|0px|0|0px|false|false\u00bb custom_padding_tablet=\u00bb50px|0|50px|0&#8243; custom_padding_phone=\u00bb\u00bb transparent_background=\u00bboff\u00bb padding_mobile=\u00bboff\u00bb make_fullwidth=\u00bboff\u00bb use_custom_width=\u00bboff\u00bb width_unit=\u00bboff\u00bb custom_width_px=\u00bb1080px\u00bb custom_width_percent=\u00bb80%\u00bb global_colors_info=\u00bb{}\u00bb][et_pb_row padding_mobile=\u00bboff\u00bb column_padding_mobile=\u00bbon\u00bb admin_label=\u00bbLigne\u00bb _builder_version=\u00bb4.16&#8243; background_size=\u00bbinitial\u00bb background_position=\u00bbtop_left\u00bb background_repeat=\u00bbrepeat\u00bb custom_padding=\u00bb27px|0px|27px|0px|false|false\u00bb make_fullwidth=\u00bboff\u00bb use_custom_width=\u00bboff\u00bb width_unit=\u00bboff\u00bb custom_width_px=\u00bb1080px\u00bb custom_width_percent=\u00bb80%\u00bb global_colors_info=\u00bb{}\u00bb][et_pb_column type=\u00bb4_4&#8243; _builder_version=\u00bb4.16&#8243; custom_padding=\u00bb|||\u00bb global_colors_info=\u00bb{}\u00bb custom_padding__hover=\u00bb|||\u00bb][et_pb_text admin_label=\u00bbEl proyecto\u00bb _builder_version=\u00bb4.25.1&#8243; background_size=\u00bbinitial\u00bb background_position=\u00bbtop_left\u00bb background_repeat=\u00bbrepeat\u00bb custom_padding=\u00bb|||1px||\u00bb use_border_color=\u00bboff\u00bb border_style=\u00bbsolid\u00bb global_colors_info=\u00bb{}\u00bb]<\/p>\n<h2 class=\"titresdkl\">El proyecto<\/h2>\n<p><span style=\"font-weight: 400;\">La disposici\u00f3n del<span style=\"color: #9c0430;\"> Jard\u00edn de Sukhavati <\/span>se ha realizado en varias fases y su expansi\u00f3n contin\u00faa hoy en d\u00eda.<\/span><\/p>\n<p><span style=\"font-weight: 400;\">Las primeras fases han consistido en:<\/span><\/p>\n<ul>\n<li><span style=\"color: #9c0430;\">El proyecto inicial <\/span>con la estupa de XIV\u1d49 K\u00fcnzik Shamarpa, la gran rueda de oraci\u00f3n, las ocho estupas, etc. : 700 800 euros<\/li>\n<li><span style=\"font-weight: 400;\">La construcci\u00f3n de las <span style=\"color: #9c0430;\">dos estupas en piedra<\/span>: 26 400 \u20ac<\/span><\/li>\n<li><span style=\"font-weight: 400;\"><span style=\"color: #9c0430;\">Los trabajos de acondicionamiento<\/span> alrededor de las estupas de piedra: 85 000 \u20ac<\/span><span style=\"font-weight: 400;\"><\/span><\/li>\n<li><span style=\"font-weight: 400;\">El acondicionamiento del<span style=\"color: #9c0430;\"> estanque<\/span> en la base del Instituto: 25 900 \u20ac<\/span><\/li>\n<li><span style=\"font-weight: 400;\">la renovaci\u00f3n de la<a href=\"https:\/\/stoupa.dhagpo.org\/es\/renovacion-estupa-historica-dhagpo\/\" target=\"_blank\" rel=\"noopener\"> estupa blanca hist\u00f3rica<\/a> de Dhagpo : 63 000 \u20ac<\/span><\/li>\n<\/ul>\n<p>Estas etapas ya<strong> se han completado,<\/strong> con lo que el coste total de las obras asciende a <strong>901 100 \u20ac<\/strong>.<br \/>Esta fase del jard\u00edn de Sukhavati est\u00e1<strong> totalmente financiada.<\/strong><\/p>\n<p>Hasta la fecha <strong>(31\/03\/2026)<\/strong>, se ha recaudado un total de <strong>1 071 000<\/strong><strong>\u00a0\u20ac<\/strong>.<\/p>\n<p><strong>La ampliaci\u00f3n del jard\u00edn Sukhavati contin\u00faa<\/strong> hacia el hist\u00f3rico templo de Dhagpo con una nueva fase consistente en la <strong>renovaci\u00f3n de los alrededores del templo.<\/strong> Se calcula que el proyecto costar\u00e1 <strong>182.000 \u20ac.<\/strong><\/p>\n<p><span style=\"font-weight: 400;\"> Incluye:<\/span><\/p>\n<ul>\n<li style=\"font-weight: 400;\" aria-level=\"1\"><span style=\"font-weight: 400;\">la reconstrucci\u00f3n del suelo<\/span><\/li>\n<li style=\"font-weight: 400;\" aria-level=\"1\"><span style=\"font-weight: 400;\">la renovaci\u00f3n del estanque<\/span><\/li>\n<li style=\"font-weight: 400;\" aria-level=\"1\"><span style=\"font-weight: 400;\">la renovaci\u00f3n de las paredes de los edificios adyacentes<\/span><\/li>\n<\/ul>\n<p><span style=\"font-weight: 400;\">Este proyecto se inscribe dentro de la <strong>continuidad del Jard\u00edn de Sukhavati<\/strong> y del camino que lo rodea, incluyendo el templo. <br \/>Por tanto, es posible <strong>continuar brindando tu apoyo<\/strong> al Jard\u00edn y contribuir a su pr\u00f3xima fase.<\/span><\/p>\n<p>[\/et_pb_text][\/et_pb_column][\/et_pb_row][\/et_pb_section][et_pb_section fb_built=\u00bb1&#8243; specialty=\u00bbon\u00bb custom_padding_last_edited=\u00bbon|desktop\u00bb parallax_method_1=\u00bboff\u00bb parallax_method_2=\u00bboff\u00bb padding_top_1=\u00bb0px\u00bb admin_label=\u00bbSection\u00bb _builder_version=\u00bb4.16&#8243; background_color=\u00bb#ffffff\u00bb custom_padding=\u00bb39px||28px|||\u00bb custom_padding_tablet=\u00bb50px|0|50px|0&#8243; custom_padding_phone=\u00bb\u00bb transparent_background=\u00bboff\u00bb padding_mobile=\u00bboff\u00bb make_fullwidth=\u00bboff\u00bb use_custom_width=\u00bboff\u00bb width_unit=\u00bboff\u00bb custom_width_px=\u00bb1080px\u00bb custom_width_percent=\u00bb80%\u00bb global_colors_info=\u00bb{}\u00bb][et_pb_column type=\u00bb1_2&#8243; _builder_version=\u00bb4.16&#8243; custom_padding=\u00bb|||\u00bb global_colors_info=\u00bb{}\u00bb custom_padding__hover=\u00bb|||\u00bb][et_pb_text admin_label=\u00bbvous souhaitez participer ?\u00bb _builder_version=\u00bb4.25.1&#8243; background_size=\u00bbinitial\u00bb background_position=\u00bbtop_left\u00bb background_repeat=\u00bbrepeat\u00bb use_border_color=\u00bboff\u00bb border_style=\u00bbsolid\u00bb global_colors_info=\u00bb{}\u00bb]<\/p>\n<h2 class=\"titresdkl\">\u00bfLe gustar\u00eda poder participar en su construcci\u00f3n?<\/h2>\n<p>Puede:<br \/><strong>Hacer una donaci\u00f3n<\/strong>.<br \/>Ver <em>Paypal<\/em> o bien contactar con:<br \/><a href=\"mailto:dkl.donateurs@dhagpo.org\">dkl.donateurs@dhagpo.org<\/a><\/p>\n<p><strong>Puede dar<\/strong> sus joyas o piedras preciosas que servir\u00e1n de relleno al interior de la estupa.&nbsp;Para cualquier pregunta que tenga que ver con los aspectos de rellenado, no dude en contactar con nosotros en:&nbsp;<a href=\"mailto:stupa@dhagpo.org\">stupa@dhagpo.org<\/a><\/p>\n<p><strong>Ofrecer<\/strong> su tiempo y sus competencias en funci\u00f3n del trabajo (jardiner\u00eda, alba\u00f1iler\u00eda, etc.) No dude en contactar con nosotros en: <a href=\"mailto:dkl.benevolat@dhagpo.org\">dkl.benevolat@dhagpo.org <\/a><\/p>\n<p>[\/et_pb_text][\/et_pb_column][et_pb_column type=\u00bb1_2&#8243; specialty_columns=\u00bb2&#8243; _builder_version=\u00bb4.16&#8243; custom_padding=\u00bb|||\u00bb global_colors_info=\u00bb{}\u00bb custom_padding__hover=\u00bb|||\u00bb][et_pb_row_inner padding_mobile=\u00bbon\u00bb use_custom_gutter=\u00bbon\u00bb column_padding_mobile=\u00bbon\u00bb _builder_version=\u00bb4.16&#8243; custom_margin=\u00bb7px|7px|7px|7px\u00bb custom_padding=\u00bb8px|8px|8px|8px\u00bb global_colors_info=\u00bb{}\u00bb][et_pb_column_inner saved_specialty_column_type=\u00bb1_2&#8243; _builder_version=\u00bb4.16&#8243; background_color=\u00bb#f2f2f2&#8243; custom_padding=\u00bb10px|10px|10px|10px\u00bb global_colors_info=\u00bb{}\u00bb custom_padding__hover=\u00bb|||\u00bb][et_pb_code admin_label=\u00bbCode &#8211; paypal btn\u00bb _builder_version=\u00bb4.16&#8243; custom_margin=\u00bb||15px|||\u00bb custom_css_main_element=\u00bbtext-align:center;||||padding-top:10px;\u00bb global_colors_info=\u00bb{}\u00bb]<\/p>\n<form action=\"https:\/\/www.paypal.com\/cgi-bin\/webscr\" method=\"post\" target=\"_blank\"><!-- [et_pb_line_break_holder] --><input type=\"hidden\" name=\"cmd\" value=\"_s-xclick\" \/><!-- [et_pb_line_break_holder] --><input type=\"hidden\" name=\"hosted_button_id\" value=\"UWQFAZVYA6R4E\" \/><!-- [et_pb_line_break_holder] --><input type=\"image\" src=\"https:\/\/www.paypalobjects.com\/es_ES\/ES\/i\/btn\/btn_donateCC_LG.gif\" border=\"0\" name=\"submit\" title=\"PayPal - The safer, easier way to pay online!\" alt=\"Donate with PayPal button\" \/><!-- [et_pb_line_break_holder] --><img loading=\"lazy\" decoding=\"async\" alt=\"\" border=\"0\" src=\"https:\/\/www.paypal.com\/es_ES\/i\/scr\/pixel.gif\" width=\"1\" height=\"1\" \/><!-- [et_pb_line_break_holder] --><\/form>\n<p><!-- [et_pb_line_break_holder] -->[\/et_pb_code][et_pb_text admin_label=\u00bbAutres modes de don\u00bb _builder_version=\u00bb4.25.1&#8243; background_size=\u00bbinitial\u00bb background_position=\u00bbtop_left\u00bb background_repeat=\u00bbrepeat\u00bb use_border_color=\u00bboff\u00bb border_style=\u00bbsolid\u00bb global_colors_info=\u00bb{}\u00bb]<\/p>\n<p style=\"text-align: left;\"><strong>Otras maneras de hacer una donaci\u00f3n;<\/strong><\/p>\n<p>\u2022 Donaci\u00f3n regular con domiciliaci\u00f3n bancaria<br \/>\u2022 Donaci\u00f3n puntual: por transferencia o por cheque a la orden de KDC<\/p>\n<p style=\"text-align: left;\"><a href=\"https:\/\/stoupa.dhagpo.org\/wp-content\/uploads\/2020\/11\/2020_bulletin-stoupa-es_huit-stoupas_web.pdf\" target=\"_blank\" rel=\"noopener noreferrer\"><img loading=\"lazy\" decoding=\"async\" class=\"alignleft wp-image-511 size-full\" title=\"T\u00e9l\u00e9charger le bulletin en PDF\" src=\"https:\/\/stoupa.dhagpo.org\/wp-content\/uploads\/2016\/10\/pdf3.png\" alt=\"ic\u00f4ne PDF\" width=\"50\" height=\"64\" \/><\/a>Toda la informaci\u00f3n se encuentra en<a href=\"https:\/\/stoupa.dhagpo.org\/wp-content\/uploads\/2020\/11\/2020_bulletin-stoupa-es_huit-stoupas_web.pdf\" target=\"_blank\" rel=\"noopener noreferrer\"> el documento que puede descargarse aqu\u00ed.<\/a><\/p>\n<p>[\/et_pb_text][et_pb_text admin_label=\u00bbpaypal s\u00e9curis\u00e9\u00bb _builder_version=\u00bb4.16&#8243; text_font_size=\u00bb15&#8243; text_line_height=\u00bb1.3em\u00bb background_size=\u00bbinitial\u00bb background_position=\u00bbtop_left\u00bb background_repeat=\u00bbrepeat\u00bb use_border_color=\u00bboff\u00bb border_style=\u00bbsolid\u00bb global_colors_info=\u00bb{}\u00bb]Las donaciones en l\u00ednea son 100% seguras gracias al servicio Paypal, especialista en pagos seguros con tarjeta bancaria. Puede renovar esta operaci\u00f3n cuando lo desee.<br \/>\n[\/et_pb_text][\/et_pb_column_inner][\/et_pb_row_inner][\/et_pb_column][\/et_pb_section][et_pb_section fb_built=\u00bb1&#8243; custom_padding_last_edited=\u00bbon|desktop\u00bb admin_label=\u00bbSection\u00bb _builder_version=\u00bb4.16&#8243; background_color=\u00bb#ffffff\u00bb custom_padding=\u00bb34px|||||\u00bb custom_padding_tablet=\u00bb50px|0|50px|0&#8243; custom_padding_phone=\u00bb\u00bb transparent_background=\u00bboff\u00bb padding_mobile=\u00bboff\u00bb make_fullwidth=\u00bboff\u00bb use_custom_width=\u00bboff\u00bb width_unit=\u00bboff\u00bb custom_width_px=\u00bb1080px\u00bb custom_width_percent=\u00bb80%\u00bb global_colors_info=\u00bb{}\u00bb][et_pb_row column_structure=\u00bb1_3,1_3,1_3&#8243; padding_mobile=\u00bboff\u00bb column_padding_mobile=\u00bbon\u00bb admin_label=\u00bbrow\u00bb _builder_version=\u00bb4.16&#8243; background_size=\u00bbinitial\u00bb background_position=\u00bbtop_left\u00bb background_repeat=\u00bbrepeat\u00bb make_fullwidth=\u00bboff\u00bb use_custom_width=\u00bboff\u00bb width_unit=\u00bboff\u00bb custom_width_px=\u00bb1080px\u00bb custom_width_percent=\u00bb80%\u00bb locked=\u00bboff\u00bb global_colors_info=\u00bb{}\u00bb][et_pb_column type=\u00bb1_3&#8243; _builder_version=\u00bb4.16&#8243; custom_padding=\u00bb|||\u00bb global_colors_info=\u00bb{}\u00bb custom_padding__hover=\u00bb|||\u00bb][et_pb_text admin_label=\u00bbStoupas verre\u00bb _builder_version=\u00bb4.25.1&#8243; background_size=\u00bbinitial\u00bb background_position=\u00bbtop_left\u00bb background_repeat=\u00bbrepeat\u00bb use_border_color=\u00bboff\u00bb border_style=\u00bbsolid\u00bb global_colors_info=\u00bb{}\u00bb]<div id=\"attachment_8472\" style=\"width: 310px\" class=\"wp-caption aligncenter\"><img loading=\"lazy\" decoding=\"async\" aria-describedby=\"caption-attachment-8472\" class=\"wp-image-8472 size-medium\" src=\"https:\/\/stoupa.dhagpo.org\/wp-content\/uploads\/2025\/04\/Abords-du-temple-en-1978-300x176.jpg\" alt=\"Abords du temple en 1978\" width=\"300\" height=\"176\"><p id=\"caption-attachment-8472\" class=\"wp-caption-text\"><span style=\"font-size: 8pt;\"><em><span style=\"font-weight: 400;\">Alrededores del templo en 1978<\/span><\/em><\/span><\/p><\/div>[\/et_pb_text][\/et_pb_column][et_pb_column type=\u00bb1_3&#8243; _builder_version=\u00bb4.16&#8243; custom_padding=\u00bb|||\u00bb global_colors_info=\u00bb{}\u00bb custom_padding__hover=\u00bb|||\u00bb][et_pb_text admin_label=\u00bbTsatsas\u00bb _builder_version=\u00bb4.25.1&#8243; background_size=\u00bbinitial\u00bb background_position=\u00bbtop_left\u00bb background_repeat=\u00bbrepeat\u00bb use_border_color=\u00bboff\u00bb border_style=\u00bbsolid\u00bb global_colors_info=\u00bb{}\u00bb]<div id=\"attachment_8469\" style=\"width: 310px\" class=\"wp-caption aligncenter\"><img loading=\"lazy\" decoding=\"async\" aria-describedby=\"caption-attachment-8469\" class=\"wp-image-8469 size-medium\" src=\"https:\/\/stoupa.dhagpo.org\/wp-content\/uploads\/2025\/04\/03_Renovation-des-abords-du-temple-300x176.jpg\" alt=\"R\u00e9novation des abords du temple en 2025\" width=\"300\" height=\"176\"><p id=\"caption-attachment-8469\" class=\"wp-caption-text\"><span style=\"font-size: 8pt;\"><em><span style=\"font-weight: 400;\">Renovaci\u00f3n de los alrededores del templo en 2025<\/span><\/em><\/span><\/p><\/div>[\/et_pb_text][\/et_pb_column][et_pb_column type=\u00bb1_3&#8243; _builder_version=\u00bb4.16&#8243; custom_padding=\u00bb|||\u00bb global_colors_info=\u00bb{}\u00bb custom_padding__hover=\u00bb|||\u00bb][et_pb_text admin_label=\u00bbroses et stoupa\u00bb _builder_version=\u00bb4.25.1&#8243; background_size=\u00bbinitial\u00bb background_position=\u00bbtop_left\u00bb background_repeat=\u00bbrepeat\u00bb use_border_color=\u00bboff\u00bb border_style=\u00bbsolid\u00bb global_colors_info=\u00bb{}\u00bb]<div id=\"attachment_8466\" style=\"width: 310px\" class=\"wp-caption aligncenter\"><img loading=\"lazy\" decoding=\"async\" aria-describedby=\"caption-attachment-8466\" class=\"wp-image-8466 size-medium\" src=\"https:\/\/stoupa.dhagpo.org\/wp-content\/uploads\/2025\/04\/01_Renovation-des-abords-du-temple-300x176.jpg\" alt=\"R\u00e9novation des abords du temple en 2025\" width=\"300\" height=\"176\"><p id=\"caption-attachment-8466\" class=\"wp-caption-text\"><em><span style=\"font-size: 8pt;\"><span style=\"font-weight: 400;\">Renovaci\u00f3n de los alrededores del templo en 2025<\/span><\/span><\/em><\/p><\/div>[\/et_pb_text][\/et_pb_column][\/et_pb_row][et_pb_row padding_mobile=\u00bboff\u00bb column_padding_mobile=\u00bbon\u00bb admin_label=\u00bbLigne\u00bb module_id=\u00bbfinancement\u00bb _builder_version=\u00bb4.16&#8243; background_size=\u00bbinitial\u00bb background_position=\u00bbtop_left\u00bb background_repeat=\u00bbrepeat\u00bb make_fullwidth=\u00bboff\u00bb use_custom_width=\u00bboff\u00bb width_unit=\u00bboff\u00bb custom_width_px=\u00bb1080px\u00bb custom_width_percent=\u00bb80%\u00bb global_colors_info=\u00bb{}\u00bb][et_pb_column type=\u00bb4_4&#8243; _builder_version=\u00bb4.16&#8243; custom_padding=\u00bb|||\u00bb global_colors_info=\u00bb{}\u00bb custom_padding__hover=\u00bb|||\u00bb][et_pb_text admin_label=\u00bbConstruir una estupa es:\u00bb _builder_version=\u00bb4.25.1&#8243; background_size=\u00bbinitial\u00bb background_position=\u00bbtop_left\u00bb background_repeat=\u00bbrepeat\u00bb use_border_color=\u00bboff\u00bb border_style=\u00bbsolid\u00bb global_colors_info=\u00bb{}\u00bb]<\/p>\n<h2 class=\"titresdkl\">\u00bfC\u00f3mo est\u00e1 financiada la estupa?<\/h2>\n<p>Como para el Instituto y otros proyectos de Dhagpo, el objetivo es el de vincular a trav\u00e9s de una donaci\u00f3n, por muy modesta que sea, a un m\u00e1ximo n\u00famero de personas a estos soportes de pr\u00e1ctica que atravesaran \u00e9pocas y que ser\u00e1 ben\u00e9fico para todos aquellos, budistas o no, que vendr\u00e1n a hacer circunvalaciones mientras formulan aspiraciones positivas.<\/p>\n<p>[\/et_pb_text][\/et_pb_column][\/et_pb_row][\/et_pb_section]<\/p>\n","protected":false},"excerpt":{"rendered":"<p>El proyecto La disposici\u00f3n del Jard\u00edn de Sukhavati se ha realizado en varias fases y su expansi\u00f3n contin\u00faa hoy en d\u00eda. Las primeras fases han consistido en: El proyecto inicial con la estupa de XIV\u1d49 K\u00fcnzik Shamarpa, la gran rueda de oraci\u00f3n, las ocho estupas, etc. : 700 800 euros La construcci\u00f3n de las dos [&hellip;]<\/p>\n","protected":false},"author":1,"featured_media":0,"parent":0,"menu_order":0,"comment_status":"closed","ping_status":"closed","template":"","meta":{"_et_pb_use_builder":"on","_et_pb_old_content":"","_et_gb_content_width":"","ngg_post_thumbnail":0,"footnotes":""},"class_list":["post-1122","page","type-page","status-publish","hentry"],"_links":{"self":[{"href":"https:\/\/stoupa.dhagpo.org\/es\/wp-json\/wp\/v2\/pages\/1122","targetHints":{"allow":["GET"]}}],"collection":[{"href":"https:\/\/stoupa.dhagpo.org\/es\/wp-json\/wp\/v2\/pages"}],"about":[{"href":"https:\/\/stoupa.dhagpo.org\/es\/wp-json\/wp\/v2\/types\/page"}],"author":[{"embeddable":true,"href":"https:\/\/stoupa.dhagpo.org\/es\/wp-json\/wp\/v2\/users\/1"}],"replies":[{"embeddable":true,"href":"https:\/\/stoupa.dhagpo.org\/es\/wp-json\/wp\/v2\/comments?post=1122"}],"version-history":[{"count":121,"href":"https:\/\/stoupa.dhagpo.org\/es\/wp-json\/wp\/v2\/pages\/1122\/revisions"}],"predecessor-version":[{"id":8706,"href":"https:\/\/stoupa.dhagpo.org\/es\/wp-json\/wp\/v2\/pages\/1122\/revisions\/8706"}],"wp:attachment":[{"href":"https:\/\/stoupa.dhagpo.org\/es\/wp-json\/wp\/v2\/media?parent=1122"}],"curies":[{"name":"wp","href":"https:\/\/api.w.org\/{rel}","templated":true}]}}