{"id":757,"date":"2016-06-08T19:29:35","date_gmt":"2016-06-08T18:29:35","guid":{"rendered":"http:\/\/stoupa.dhagpo.org\/en\/?page_id=757"},"modified":"2025-08-04T15:07:13","modified_gmt":"2025-08-04T14:07:13","slug":"join-in-old","status":"publish","type":"page","link":"https:\/\/stoupa.dhagpo.org\/en\/join-in-old\/","title":{"rendered":"Join in! &#8211; old"},"content":{"rendered":"<p>[et_pb_section fb_built=&#8221;1&#8243; fullwidth=&#8221;on&#8221; admin_label=&#8221;Section&#8221; _builder_version=&#8221;4.16&#8243; global_colors_info=&#8221;{}&#8221;][et_pb_fullwidth_header title=&#8221;Join in!&#8221; subhead=&#8221;A simple mean to take part in the project&#8221; text_orientation=&#8221;right&#8221; content_max_width=&#8221;none&#8221; admin_label=&#8221;En-t\u00eate plein \u00e9cran- join in! A simple mean to take part in the project&#8221; _builder_version=&#8221;4.16&#8243; title_font_size=&#8221;40px&#8221; subhead_font_size=&#8221;26px&#8221; background_color=&#8221;rgba(255, 255, 255, 0)&#8221; background_image=&#8221;https:\/\/stoupa.dhagpo.org\/wp-content\/uploads\/2016\/04\/bandeau_stoupa_dhagpo-1.jpg&#8221; custom_css_header_container=&#8221;height:270px;&#8221; custom_css_title=&#8221; text-shadow: 0 1px 3px rgba(0, 0, 0, 1) !important;||&#8221; custom_css_subtitle=&#8221; text-shadow: 0 1px 3px rgba(0, 0, 0, 1) !important;&#8221; background_url=&#8221;https:\/\/stoupa.dhagpo.org\/wp-content\/uploads\/2016\/04\/bandeau_stoupa_dhagpo-1.jpg&#8221; button_one_letter_spacing_hover=&#8221;0&#8243; button_two_letter_spacing_hover=&#8221;0&#8243; global_colors_info=&#8221;{}&#8221; button_one_text_size__hover_enabled=&#8221;off&#8221; button_two_text_size__hover_enabled=&#8221;off&#8221; button_one_text_color__hover_enabled=&#8221;off&#8221; button_two_text_color__hover_enabled=&#8221;off&#8221; button_one_border_width__hover_enabled=&#8221;off&#8221; button_two_border_width__hover_enabled=&#8221;off&#8221; button_one_border_color__hover_enabled=&#8221;off&#8221; button_two_border_color__hover_enabled=&#8221;off&#8221; button_one_border_radius__hover_enabled=&#8221;off&#8221; button_two_border_radius__hover_enabled=&#8221;off&#8221; button_one_letter_spacing__hover_enabled=&#8221;on&#8221; button_one_letter_spacing__hover=&#8221;0&#8243; button_two_letter_spacing__hover_enabled=&#8221;on&#8221; button_two_letter_spacing__hover=&#8221;0&#8243; button_one_bg_color__hover_enabled=&#8221;off&#8221; button_two_bg_color__hover_enabled=&#8221;off&#8221;] [\/et_pb_fullwidth_header][\/et_pb_section][et_pb_section fb_built=&#8221;1&#8243; admin_label=&#8221;Section&#8221; _builder_version=&#8221;4.16&#8243; global_colors_info=&#8221;{}&#8221;][et_pb_row admin_label=&#8221;Ligne&#8221; _builder_version=&#8221;4.16&#8243; background_size=&#8221;initial&#8221; background_position=&#8221;top_left&#8221; background_repeat=&#8221;repeat&#8221; global_colors_info=&#8221;{}&#8221; column_structure=&#8221;1_2,1_2&#8243;][et_pb_column type=&#8221;1_2&#8243; _builder_version=&#8221;4.16&#8243; custom_padding=&#8221;|||&#8221; global_colors_info=&#8221;{}&#8221; custom_padding__hover=&#8221;|||&#8221;][et_pb_text admin_label=&#8221;Le projet&#8221; _builder_version=&#8221;4.16&#8243; background_size=&#8221;initial&#8221; background_position=&#8221;top_left&#8221; background_repeat=&#8221;repeat&#8221; use_border_color=&#8221;off&#8221; border_color=&#8221;#ffffff&#8221; border_style=&#8221;solid&#8221; global_colors_info=&#8221;{}&#8221;]<\/p>\n<h2 class=\"titresdkl\">The Project<\/h2>\n<p>The cost of the project is being estimated (it will include the stupa, the filling substances, and the surrounding landscaping).<\/p>\n<p>The stupa will be located behind the Institute and will be constructed in granite.<\/p>\n<p>The inauguration is planned for the end of 2016.<br \/>\n[\/et_pb_text][\/et_pb_column][et_pb_column type=&#8221;1_2&#8243; _builder_version=&#8221;4.16&#8243; custom_padding=&#8221;|||&#8221; global_colors_info=&#8221;{}&#8221; custom_padding__hover=&#8221;|||&#8221;][et_pb_text admin_label=&#8221;img : Taille du stoupa et d\u00e9tail des zones de remplissage&#8221; _builder_version=&#8221;4.16&#8243; background_size=&#8221;initial&#8221; background_position=&#8221;top_left&#8221; background_repeat=&#8221;repeat&#8221; use_border_color=&#8221;off&#8221; border_color=&#8221;#ffffff&#8221; border_style=&#8221;solid&#8221; global_colors_info=&#8221;{}&#8221;]<div id=\"attachment_350\" style=\"width: 425px\" class=\"wp-caption aligncenter\"><img loading=\"lazy\" decoding=\"async\" aria-describedby=\"caption-attachment-350\" class=\"wp-image-350\" src=\"https:\/\/stoupa.dhagpo.org\/wp-content\/uploads\/2016\/04\/mesures-stoupa-remplissage.jpg\" alt=\"Taille du stoupa et d\u00e9tail des zones de remplissage\" width=\"415\" height=\"371\" srcset=\"https:\/\/stoupa.dhagpo.org\/wp-content\/uploads\/2016\/04\/mesures-stoupa-remplissage.jpg 550w, https:\/\/stoupa.dhagpo.org\/wp-content\/uploads\/2016\/04\/mesures-stoupa-remplissage-300x268.jpg 300w\" sizes=\"auto, (max-width: 415px) 100vw, 415px\" \/><p id=\"caption-attachment-350\" class=\"wp-caption-text\">Stupa&#8217;s size\u00a0together with filling chambers details<\/p><\/div><\/p>\n<h2 class=\"titresdkl\"><\/h2>\n<p>[\/et_pb_text][\/et_pb_column][\/et_pb_row][\/et_pb_section][et_pb_section fb_built=&#8221;1&#8243; specialty=&#8221;on&#8221; custom_padding_last_edited=&#8221;on|desktop&#8221; parallax_method_1=&#8221;off&#8221; parallax_method_2=&#8221;off&#8221; admin_label=&#8221;Section&#8221; _builder_version=&#8221;4.16&#8243; background_color=&#8221;#ffffff&#8221; custom_padding_tablet=&#8221;50px|0|50px|0&#8243; transparent_background=&#8221;off&#8221; padding_mobile=&#8221;off&#8221; make_fullwidth=&#8221;off&#8221; use_custom_width=&#8221;off&#8221; width_unit=&#8221;on&#8221; global_colors_info=&#8221;{}&#8221; custom_padding_phone=&#8221;50px|0|50px|0&#8243;][et_pb_column type=&#8221;1_2&#8243; _builder_version=&#8221;4.16&#8243; custom_padding=&#8221;|||&#8221; global_colors_info=&#8221;{}&#8221; custom_padding__hover=&#8221;|||&#8221;][et_pb_text admin_label=&#8221;Interested in participating?&#8221; _builder_version=&#8221;4.16&#8243; background_size=&#8221;initial&#8221; background_position=&#8221;top_left&#8221; background_repeat=&#8221;repeat&#8221; use_border_color=&#8221;off&#8221; border_color=&#8221;#ffffff&#8221; border_style=&#8221;solid&#8221; global_colors_info=&#8221;{}&#8221;]<\/p>\n<h2 class=\"titresdkl\">Interested in participating?<\/h2>\n<p>You can: :<br \/>\n<strong>Make a donation.<\/strong><br \/>\nSee the <em>Paypal<\/em>\u00a0form or contact:<br \/>\n<a href=\"mailto:relations.donateurs@dhagpo.org\">relations.donateurs@dhagpo.org<\/a><br \/>\n<strong>Give<\/strong> fine jewelry or precious stones to ornament the interior of the stupa.<br \/>\n<strong>Participate<\/strong> in the creation of substances and objects that will contribute to making the stupa an authentic support for practice.<br \/>\nFor all questions concerning the filling of the stupa, don&#8217;t hesitate to contact us at <a href=\"mailto:stupa@dhagpo.org\">stupa@dhagpo.org<\/a><br \/>\n[\/et_pb_text][\/et_pb_column][et_pb_column type=&#8221;1_2&#8243; specialty_columns=&#8221;2&#8243; _builder_version=&#8221;4.16&#8243; custom_padding=&#8221;|||&#8221; global_colors_info=&#8221;{}&#8221; custom_padding__hover=&#8221;|||&#8221;][et_pb_row_inner padding_mobile=&#8221;on&#8221; use_custom_gutter=&#8221;on&#8221; column_padding_mobile=&#8221;on&#8221; admin_label=&#8221;Ligne&#8221; _builder_version=&#8221;4.16&#8243; custom_margin=&#8221;0px|7px|7px|7px&#8221; custom_padding=&#8221;2px|8px|8px|8px&#8221; global_colors_info=&#8221;{}&#8221;][et_pb_column_inner saved_specialty_column_type=&#8221;1_2&#8243; _builder_version=&#8221;4.16&#8243; background_color=&#8221;#f2f2f2&#8243; custom_padding=&#8221;0px|10px|10px|10px&#8221; global_colors_info=&#8221;{}&#8221; custom_padding__hover=&#8221;|||&#8221;][et_pb_code admin_label=&#8221;Code &#8211; paypal btn&#8221; _builder_version=&#8221;4.16&#8243; custom_css_main_element=&#8221;text-align:center;||||padding-top:5px;&#8221; global_colors_info=&#8221;{}&#8221;]<pee>\n<form action=\"https:\/\/www.paypal.com\/cgi-bin\/webscr\" method=\"post\" target=\"_blank\"> <input type=\"hidden\" name=\"cmd\" value=\"_s-xclick\"> <input type=\"hidden\" name=\"hosted_button_id\" value=\"27PL38XZ5MAPS\"> <input type=\"image\" src=\"https:\/\/www.paypalobjects.com\/en_US\/i\/btn\/btn_donateCC_LG_global.gif\" border=\"0\" name=\"submit\" alt=\"PayPal \u2013 The safer, easier way to pay online!\"> <img loading=\"lazy\" decoding=\"async\" alt=\"\" border=\"0\" src=\"https:\/\/www.paypalobjects.com\/fr_FR\/i\/scr\/pixel.gif\" width=\"1\" height=\"1\"> <\/form>\n<\/pee>[\/et_pb_code][et_pb_text admin_label=&#8221;Autres modes de don&#8221; _builder_version=&#8221;4.16&#8243; background_size=&#8221;initial&#8221; background_position=&#8221;top_left&#8221; background_repeat=&#8221;repeat&#8221; use_border_color=&#8221;off&#8221; border_color=&#8221;#ffffff&#8221; border_style=&#8221;solid&#8221; global_colors_info=&#8221;{}&#8221;]<\/p>\n<p style=\"text-align: left;\"><strong>Other ways to donate:<\/strong><br \/>\n\u2022 Recurrent donations by bank transfer<br \/>\n\u2022 One-time donation: by bank transfer or check<\/p>\n<p style=\"text-align: left;\"><a href=\"https:\/\/stoupa.dhagpo.org\/wp-content\/uploads\/2016\/06\/generosity-coupon_new-stoupa-dhagpo_en-web.pdf\" target=\"_blank\"><img loading=\"lazy\" decoding=\"async\" class=\"alignleft wp-image-511 size-full\" title=\"T\u00e9l\u00e9charger le bulletin en PDF\" src=\"https:\/\/stoupa.dhagpo.org\/wp-content\/uploads\/2016\/04\/pdf3.png\" alt=\"ic\u00f4ne PDF\" width=\"50\" height=\"64\" \/><\/a>All infos can be found on <a href=\"https:\/\/stoupa.dhagpo.org\/wp-content\/uploads\/2016\/06\/generosity-coupon-stupa-16-08.pdf\" target=\"_blank\">this generosity coupon.<\/a><\/p>\n<p>[\/et_pb_text][et_pb_text admin_label=&#8221;paypal s\u00e9curis\u00e9&#8221; _builder_version=&#8221;4.16&#8243; text_font_size=&#8221;15&#8243; text_line_height=&#8221;1.3em&#8221; background_size=&#8221;initial&#8221; background_position=&#8221;top_left&#8221; background_repeat=&#8221;repeat&#8221; use_border_color=&#8221;off&#8221; border_color=&#8221;#ffffff&#8221; border_style=&#8221;solid&#8221; global_colors_info=&#8221;{}&#8221;]The Internet Paypal website is 100% secured and enables you to make online payment with confidence. You can renew this operation as many times as you wish.<\/p>\n<p style=\"text-align: center;\">[\/et_pb_text][\/et_pb_column_inner][\/et_pb_row_inner][\/et_pb_column][\/et_pb_section][et_pb_section fb_built=&#8221;1&#8243; admin_label=&#8221;Section&#8221; _builder_version=&#8221;4.16&#8243; global_colors_info=&#8221;{}&#8221;][et_pb_row admin_label=&#8221;Ligne&#8221; _builder_version=&#8221;4.16&#8243; background_size=&#8221;initial&#8221; background_position=&#8221;top_left&#8221; background_repeat=&#8221;repeat&#8221; global_colors_info=&#8221;{}&#8221; column_structure=&#8221;1_2,1_2&#8243;][et_pb_column type=&#8221;1_2&#8243; _builder_version=&#8221;4.16&#8243; custom_padding=&#8221;|||&#8221; global_colors_info=&#8221;{}&#8221; custom_padding__hover=&#8221;|||&#8221;][et_pb_text admin_label=&#8221;Construire un stoupa c&#8217;est :&#8221; _builder_version=&#8221;4.16&#8243; background_size=&#8221;initial&#8221; background_position=&#8221;top_left&#8221; background_repeat=&#8221;repeat&#8221; use_border_color=&#8221;off&#8221; border_color=&#8221;#ffffff&#8221; border_style=&#8221;solid&#8221; global_colors_info=&#8221;{}&#8221;]<\/p>\n<h2 class=\"titresdkl\">Constructing a Stupa Means:<\/h2>\n<p><strong>Building<\/strong>a support for practice that will transcend the ages and be used by thousands of individuals.<\/p>\n<p><strong>Connecting<\/strong>to the possibility of enlightenment through the presence of Kunzig Shamar Rinpoche.<\/p>\n<p><strong>Participer<\/strong> \u00e0 diffuser la paix et l\u2019harmonie en favorisant un regard int\u00e9rieur et un \u00e9tat d\u2019esprit altruiste.<\/p>\n<p><strong>Participating<\/strong>in the diffusion of peace and harmony through emphasizing inner observation and an altruistic state of mind.<\/p>\n<p style=\"text-align: center;\">[\/et_pb_text][\/et_pb_column][et_pb_column type=&#8221;1_2&#8243; _builder_version=&#8221;4.16&#8243; custom_padding=&#8221;|||&#8221; global_colors_info=&#8221;{}&#8221; custom_padding__hover=&#8221;|||&#8221;][et_pb_text admin_label=&#8221;img Plan de coupe avec fondation&#8221; _builder_version=&#8221;4.16&#8243; background_size=&#8221;initial&#8221; background_position=&#8221;top_left&#8221; background_repeat=&#8221;repeat&#8221; use_border_color=&#8221;off&#8221; border_color=&#8221;#ffffff&#8221; border_style=&#8221;solid&#8221; global_colors_info=&#8221;{}&#8221;]<div id=\"attachment_358\" style=\"width: 425px\" class=\"wp-caption aligncenter\"><img loading=\"lazy\" decoding=\"async\" aria-describedby=\"caption-attachment-358\" class=\"wp-image-358\" src=\"https:\/\/stoupa.dhagpo.org\/wp-content\/uploads\/2016\/04\/mesures-stoupa-plan-coupe.jpg\" alt=\"Plan de coupe avec fondation\" width=\"415\" height=\"476\" srcset=\"https:\/\/stoupa.dhagpo.org\/wp-content\/uploads\/2016\/04\/mesures-stoupa-plan-coupe.jpg 590w, https:\/\/stoupa.dhagpo.org\/wp-content\/uploads\/2016\/04\/mesures-stoupa-plan-coupe-261x300.jpg 261w\" sizes=\"auto, (max-width: 415px) 100vw, 415px\" \/><p id=\"caption-attachment-358\" class=\"wp-caption-text\">Sectional drawing with foundation<\/p><\/div><\/p>\n<p style=\"text-align: center;\">[\/et_pb_text][\/et_pb_column][\/et_pb_row][\/et_pb_section]<\/p>\n","protected":false},"excerpt":{"rendered":"<p>The Project The cost of the project is being estimated (it will include the stupa, the filling substances, and the surrounding landscaping). The stupa will be located behind the Institute and will be constructed in granite. The inauguration is planned for the end of 2016. Interested in participating? You can: : Make a donation. See [&hellip;]<\/p>\n","protected":false},"author":1,"featured_media":0,"parent":0,"menu_order":0,"comment_status":"closed","ping_status":"closed","template":"","meta":{"_et_pb_use_builder":"on","_et_pb_old_content":"[et_pb_section admin_label=\"Section\" fullwidth=\"on\" specialty=\"off\"][et_pb_fullwidth_header admin_label=\"En-t\u00eate plein \u00e9cran\" title=\"Participez !\" background_layout=\"dark\" text_orientation=\"right\" header_fullscreen=\"off\" header_scroll_down=\"off\" background_url=\"https:\/\/stoupa.dhagpo.org\/wp-content\/uploads\/2016\/04\/bandeau_stoupa_dhagpo-1.jpg\" parallax=\"off\" parallax_method=\"off\" content_orientation=\"center\" image_orientation=\"center\" custom_button_one=\"off\" button_one_letter_spacing=\"0\" button_one_use_icon=\"default\" button_one_icon_placement=\"right\" button_one_on_hover=\"on\" button_one_letter_spacing_hover=\"0\" custom_button_two=\"off\" button_two_letter_spacing=\"0\" button_two_use_icon=\"default\" button_two_icon_placement=\"right\" button_two_on_hover=\"on\" button_two_letter_spacing_hover=\"0\" custom_css_title=\" text-shadow: 0 1px 3px rgba(0, 0, 0, 1) !important;||\" subhead=\"Une fa\u00e7on simple de prendre part au projet\" custom_css_header_container=\"height:270px;\" custom_css_subtitle=\" text-shadow: 0 1px 3px rgba(0, 0, 0, 1) !important;\" title_font_size=\"40px\" subhead_font_size=\"26px\"] [\/et_pb_fullwidth_header][\/et_pb_section][et_pb_section admin_label=\"Section\" fullwidth=\"off\" specialty=\"off\"][et_pb_row admin_label=\"Ligne\"][et_pb_column type=\"1_2\"][et_pb_text admin_label=\"Le projet\" background_layout=\"light\" text_orientation=\"left\" use_border_color=\"off\" border_color=\"#ffffff\" border_style=\"solid\"]\r\n<h2 class=\"titresdkl\">Le projet<\/h2>\r\nLe co\u00fbt du projet est en cours d\u2019estimation (il inclura le stoupa, les substances pour son remplissage, les am\u00e9nagements paysagers).\r\n\r\nLe stoupa se situera derri\u00e8re l\u2019Institut et sera r\u00e9alis\u00e9 en pierre naturelle de granit.\r\n\r\nL\u2019inauguration est pr\u00e9vue fin 2016.\r\n\r\n[\/et_pb_text][\/et_pb_column][et_pb_column type=\"1_2\"][et_pb_text admin_label=\"img : Taille du stoupa et d\u00e9tail des zones de remplissage\" background_layout=\"light\" text_orientation=\"left\" use_border_color=\"off\" border_color=\"#ffffff\" border_style=\"solid\"]\r\n\r\n[caption id=\"attachment_350\" align=\"aligncenter\" width=\"415\"]<img class=\"wp-image-350\" src=\"https:\/\/stoupa.dhagpo.org\/wp-content\/uploads\/2016\/04\/mesures-stoupa-remplissage.jpg\" alt=\"Taille du stoupa et d\u00e9tail des zones de remplissage\" width=\"415\" height=\"371\" \/> Taille du stoupa et d\u00e9tail des zones de remplissage[\/caption]\r\n<h2 class=\"titresdkl\"><\/h2>\r\n[\/et_pb_text][\/et_pb_column][\/et_pb_row][\/et_pb_section][et_pb_section admin_label=\"Section\" fullwidth=\"off\" specialty=\"on\"][et_pb_column type=\"1_2\"][et_pb_text admin_label=\"vous souhaitez participer ?\" background_layout=\"light\" text_orientation=\"left\" use_border_color=\"off\" border_color=\"#ffffff\" border_style=\"solid\"]\r\n<h2 class=\"titresdkl\">Vous souhaitez participer ?<\/h2>\r\nVous pouvez :\r\n<strong>Faire un don<\/strong> (d\u00e9ductible fiscalement).\r\nVoir <em>Paypal<\/em> ci-apr\u00e8s\u00a0ou bien contactez :\r\n<a href=\"mailto:relations.donateurs@dhagpo.org\">relations.donateurs@dhagpo.org<\/a>\r\n<strong>Donner<\/strong> des bijoux ou des pierres pr\u00e9cieuses\u00a0qui enrichiront l\u2019int\u00e9rieur du stoupa.\r\n<strong>Participer<\/strong> \u00e0 la confection des substances et objets\u00a0destin\u00e9s \u00e0 faire du stoupa un support de pratique\u00a0authentique.\r\nPour toutes questions concernant les aspects\u00a0du remplissage, n\u2019h\u00e9sitez pas \u00e0 nous contacter \u00e0\u00a0<a href=\"mailto:stupa@dhagpo.org\">stupa@dhagpo.org<\/a>\r\n\r\n[\/et_pb_text][\/et_pb_column][et_pb_column type=\"1_2\" specialty_columns=\"2\"][et_pb_row_inner admin_label=\"Ligne\" custom_padding=\"8px|8px|8px|8px\" padding_mobile=\"on\" use_custom_gutter=\"on\" column_padding_mobile=\"on\" make_equal=\"off\" parallax_1=\"off\" parallax_method_1=\"off\" background_color_1=\"#f2f2f2\" custom_margin=\"7px|7px|7px|7px\" padding_top_1=\"10px\" padding_right_1=\"10px\" padding_bottom_1=\"10px\" padding_left_1=\"10px\"][et_pb_column_inner type=\"4_4\" saved_specialty_column_type=\"1_2\"][et_pb_code admin_label=\"Code - paypal btn\" custom_css_main_element=\"text-align:center;||||padding-top:10px;\"]<form action=\"https:\/\/www.paypal.com\/cgi-bin\/webscr\" method=\"post\" target=\"_blank\"> <input type=\"hidden\" name=\"cmd\" value=\"_s-xclick\"> <input type=\"hidden\" name=\"hosted_button_id\" value=\"AKX9RR8KTHSZ8\"> <input type=\"image\" src=\"https:\/\/www.paypalobjects.com\/fr_FR\/FR\/i\/btn\/btn_donateCC_LG.gif\" border=\"0\" name=\"submit\" alt=\"PayPal, le r\u00e9flexe s\u00e9curit\u00e9 pour payer en ligne\"> <img alt=\"\" border=\"0\" src=\"https:\/\/www.paypalobjects.com\/fr_FR\/i\/scr\/pixel.gif\" width=\"1\" height=\"1\"> <\/form>[\/et_pb_code][et_pb_text admin_label=\"Autres modes de don\" background_layout=\"light\" text_orientation=\"left\" use_border_color=\"off\" border_color=\"#ffffff\" border_style=\"solid\"]\r\n<p style=\"text-align: left;\"><strong>Autres modes de don :<\/strong>\r\n\u2022 Don r\u00e9gulier par virement\r\n\u2022 Don ponctuel : par virement ou\u00a0ch\u00e8que bancaire \u00e0 l\u2019ordre de KDC<\/p>\r\n<p style=\"text-align: left;\"><a href=\"https:\/\/stoupa.dhagpo.org\/wp-content\/uploads\/2016\/04\/bulletin_nouveau-stoupa_dhagpo_web.pdf\" target=\"_blank\"><img class=\"alignleft wp-image-511 size-full\" title=\"T\u00e9l\u00e9charger le bulletin en PDF\" src=\"https:\/\/stoupa.dhagpo.org\/wp-content\/uploads\/2016\/04\/pdf3.png\" alt=\"ic\u00f4ne PDF\" width=\"50\" height=\"64\" \/><\/a>Tous les renseignements se trouvent\r\nsur<a href=\"https:\/\/stoupa.dhagpo.org\/wp-content\/uploads\/2016\/04\/bulletin_nouveau-stoupa_dhagpo_web.pdf\" target=\"_blank\"> le bulletin \u00e0 t\u00e9l\u00e9charger ici<\/a>.<\/p>\r\n[\/et_pb_text][et_pb_text admin_label=\"paypal s\u00e9curis\u00e9\" background_layout=\"light\" text_orientation=\"left\" use_border_color=\"off\" border_color=\"#ffffff\" border_style=\"solid\" text_line_height=\"1.3em\" text_font_size=\"15\"]\r\n\r\nLe don en ligne est 100% s\u00e9curis\u00e9 gr\u00e2ce au service Paypal, sp\u00e9cialiste des paiements s\u00e9curis\u00e9s par carte bancaire.\u00a0Vous pouvez renouvelez cette op\u00e9ration quand vous le souhaitez.\r\n<p style=\"text-align: center;\">[\/et_pb_text][\/et_pb_column_inner][\/et_pb_row_inner][\/et_pb_column][\/et_pb_section][et_pb_section admin_label=\"Section\" fullwidth=\"off\" specialty=\"off\"][et_pb_row admin_label=\"Ligne\"][et_pb_column type=\"1_2\"][et_pb_text admin_label=\"Construire un stoupa c'est :\" background_layout=\"light\" text_orientation=\"left\" use_border_color=\"off\" border_color=\"#ffffff\" border_style=\"solid\"]<\/p>\r\n\r\n<h2 class=\"titresdkl\">Construite un stoupa c'est :<\/h2>\r\n<strong>B\u00e2tir<\/strong> un support de pratique qui traversera les \u00e2ges et sera utilis\u00e9 par des milliers de personnes.\r\n\r\n<strong>Se relier<\/strong> \u00e0 la possibilit\u00e9 de l\u2019\u00e9veil \u00e0 travers la pr\u00e9sence de Kunzig Shamar Rinpoch\u00e9.\r\n\r\n<strong>Participer<\/strong> \u00e0 diffuser la paix et l\u2019harmonie en favorisant un regard int\u00e9rieur et un \u00e9tat d\u2019esprit altruiste.\r\n\r\n<strong>Mettre \u00e0 disposition<\/strong> de tous un nouvel espace agr\u00e9able et prot\u00e9g\u00e9 pour se recueillir, chacun \u00e0 sa fa\u00e7on.\r\n<p style=\"text-align: center;\">[\/et_pb_text][\/et_pb_column][et_pb_column type=\"1_2\"][et_pb_text admin_label=\"img Plan de coupe avec fondation\" background_layout=\"light\" text_orientation=\"left\" use_border_color=\"off\" border_color=\"#ffffff\" border_style=\"solid\"]<\/p>\r\n\r\n\r\n[caption id=\"attachment_358\" align=\"aligncenter\" width=\"415\"]<img class=\"wp-image-358\" src=\"https:\/\/stoupa.dhagpo.org\/wp-content\/uploads\/2016\/04\/mesures-stoupa-plan-coupe.jpg\" alt=\"Plan de coupe avec fondation\" width=\"415\" height=\"476\" \/> Plan de coupe avec fondation[\/caption]\r\n<p style=\"text-align: center;\">[\/et_pb_text][\/et_pb_column][\/et_pb_row][\/et_pb_section]<\/p>","_et_gb_content_width":"","ngg_post_thumbnail":0,"footnotes":""},"class_list":["post-757","page","type-page","status-publish","hentry"],"_links":{"self":[{"href":"https:\/\/stoupa.dhagpo.org\/en\/wp-json\/wp\/v2\/pages\/757","targetHints":{"allow":["GET"]}}],"collection":[{"href":"https:\/\/stoupa.dhagpo.org\/en\/wp-json\/wp\/v2\/pages"}],"about":[{"href":"https:\/\/stoupa.dhagpo.org\/en\/wp-json\/wp\/v2\/types\/page"}],"author":[{"embeddable":true,"href":"https:\/\/stoupa.dhagpo.org\/en\/wp-json\/wp\/v2\/users\/1"}],"replies":[{"embeddable":true,"href":"https:\/\/stoupa.dhagpo.org\/en\/wp-json\/wp\/v2\/comments?post=757"}],"version-history":[{"count":28,"href":"https:\/\/stoupa.dhagpo.org\/en\/wp-json\/wp\/v2\/pages\/757\/revisions"}],"predecessor-version":[{"id":8631,"href":"https:\/\/stoupa.dhagpo.org\/en\/wp-json\/wp\/v2\/pages\/757\/revisions\/8631"}],"wp:attachment":[{"href":"https:\/\/stoupa.dhagpo.org\/en\/wp-json\/wp\/v2\/media?parent=757"}],"curies":[{"name":"wp","href":"https:\/\/api.w.org\/{rel}","templated":true}]}}